{"id":513,"date":"2017-01-10T11:37:38","date_gmt":"2017-01-10T10:37:38","guid":{"rendered":"http:\/\/enginova-solution.com\/?page_id=513"},"modified":"2017-02-03T16:56:33","modified_gmt":"2017-02-03T15:56:33","slug":"mentions-legales","status":"publish","type":"page","link":"https:\/\/enginova.fr\/fr\/mentions-legales\/","title":{"rendered":"MENTIONS L\u00c9GALES"},"content":{"rendered":"[mk_page_section padding_top=&#8221;0&#8243; padding_bottom=&#8221;20&#8243; sidebar=&#8221;sidebar-1&#8243;][vc_column]\n<div id=\"rev_slider_13_1_wrapper\" class=\"rev_slider_wrapper fullwidthbanner-container\" data-source=\"gallery\" style=\"margin:0px auto;background:transparent;padding:0px;margin-top:0px;margin-bottom:0px;\">\n<!-- START REVOLUTION SLIDER 5.4.3.1 fullwidth mode -->\n\t<div id=\"rev_slider_13_1\" class=\"rev_slider fullwidthabanner\" style=\"display:none;\" data-version=\"5.4.3.1\">\n<ul>\t<!-- SLIDE  -->\n\t<li data-index=\"rs-28\" data-transition=\"fade\" data-slotamount=\"default\" data-hideafterloop=\"0\" data-hideslideonmobile=\"off\"  data-easein=\"default\" data-easeout=\"default\" data-masterspeed=\"300\"  data-rotate=\"0\"  data-saveperformance=\"off\"  data-title=\"Slide\" data-param1=\"\" data-param2=\"\" data-param3=\"\" data-param4=\"\" data-param5=\"\" data-param6=\"\" data-param7=\"\" data-param8=\"\" data-param9=\"\" data-param10=\"\" data-description=\"\">\n\t\t<!-- MAIN IMAGE -->\n\t\t<img loading=\"lazy\" decoding=\"async\" src=\"https:\/\/enginova.fr\/wp-content\/uploads\/2016\/12\/diapo-enginova-rev12.jpg\"  alt=\"\" title=\"diapo-enginova-rev12\"  width=\"1500\" height=\"700\" data-bgposition=\"center center\" data-bgfit=\"cover\" data-bgrepeat=\"no-repeat\" class=\"rev-slidebg\" data-no-retina>\n\t\t<!-- LAYERS -->\n\t<\/li>\n<\/ul>\n<div class=\"tp-bannertimer tp-bottom\" style=\"visibility: hidden !important;\"><\/div>\t<\/div>\n<script>var htmlDiv = document.getElementById(\"rs-plugin-settings-inline-css\"); var htmlDivCss=\"\";\r\n\t\t\t\tif(htmlDiv) {\r\n\t\t\t\t\thtmlDiv.innerHTML = htmlDiv.innerHTML + htmlDivCss;\r\n\t\t\t\t}else{\r\n\t\t\t\t\tvar htmlDiv = document.createElement(\"div\");\r\n\t\t\t\t\thtmlDiv.innerHTML = \"<style>\" + htmlDivCss + \"<\/style>\";\r\n\t\t\t\t\tdocument.getElementsByTagName(\"head\")[0].appendChild(htmlDiv.childNodes[0]);\r\n\t\t\t\t}\r\n\t\t\t<\/script>\n\t\t<script type=\"text\/javascript\">\r\nsetREVStartSize({c: jQuery('#rev_slider_13_1'), gridwidth: [1240], gridheight: [430], sliderLayout: 'fullwidth'});\r\n\t\t\t\r\nvar revapi13,\r\n\ttpj=jQuery;\r\n\t\t\t\r\ntpj(document).ready(function() {\n\tif(tpj(\"#rev_slider_13_1\").revolution == undefined){\n\t\trevslider_showDoubleJqueryError(\"#rev_slider_13_1\");\n\t}else{\n\t\trevapi13 = tpj(\"#rev_slider_13_1\").show().revolution({\n\t\t\tsliderType:\"hero\",\n\t\t\tjsFileLocation:\"\/\/enginova.fr\/wp-content\/plugins\/revslider\/public\/assets\/js\/\",\n\t\t\tsliderLayout:\"fullwidth\",\n\t\t\tdottedOverlay:\"none\",\n\t\t\tdelay:9000,\n\t\t\tvisibilityLevels:[1240,1024,778,480],\n\t\t\tgridwidth:1240,\n\t\t\tgridheight:430,\n\t\t\tlazyType:\"none\",\n\t\t\tshadow:0,\n\t\t\tspinner:\"spinner0\",\n\t\t\tautoHeight:\"off\",\n\t\t\tdisableProgressBar:\"on\",\n\t\t\thideThumbsOnMobile:\"off\",\n\t\t\thideSliderAtLimit:0,\n\t\t\thideCaptionAtLimit:0,\n\t\t\thideAllCaptionAtLilmit:0,\n\t\t\tdebugMode:false,\n\t\t\tfallbacks: {\n\t\t\t\tsimplifyAll:\"off\",\n\t\t\t\tdisableFocusListener:false,\n\t\t\t}\n\t\t});\n\t}\n\t\n});\t\/*ready*\/\n<\/script>\r\n\t\t<\/div><!-- END REVOLUTION SLIDER -->[\/vc_column][\/mk_page_section][vc_row][vc_column][mk_padding_divider][vc_column_text disable_pattern=&#8221;false&#8221;]\n<h3><span class=\"bleu-fonce\" style=\"color: #0693c7;\">MENTIONS L\u00c9GALES<\/span><\/h3>\n<p>Le site <a href=\"http:\/\/www.enginova.fr\/\/\">www.enginova.fr<\/a> (ci-apr\u00e8s le &#8220;Site&#8221;) est \u00e9dit\u00e9 par la soci\u00e9t\u00e9 Enginova au capital social de 20 000\u20ac.<\/p>\n<p><strong>Si\u00e8ge social<\/strong><br \/>\nStation Alexandre<br \/>\n29-31 Boulevard Charles MORETTI<br \/>\n13014 MARSEILLE<\/p>\n<p><strong>Directeur de la publication :<\/strong> Marc Amerigo<br \/>\n<strong>D\u00e9veloppement et design du site\u00a0:<\/strong> <a href=\"http:\/\/www.piknetart.com\/\" target=\"_blank\">Piknetart.com<br \/>\n<\/a><strong>H\u00e9bergement <\/strong>: 1and1.fr<br \/>\n<strong>Cr\u00e9dits photo<\/strong> : \u00a9Eric Barone, \u00a9Richard Bord, \u00a9April Jane Coots,\u00a0\u00a9Air Libre, \u00a9Marc Amerigo, Green Cap D\u00e9veloppement, Istock[\/vc_column_text][mk_padding_divider][vc_column_text disable_pattern=&#8221;false&#8221;]\n<h3><span class=\"bleu-fonce\" style=\"color: #0693c7;\">PROTECTION DES DONN\u00c9ES<\/span><\/h3>\n<p>Toute reproduction totale ou partielle du contenu du site est strictement interdite et est susceptible de constituer un d\u00e9lit de contrefa\u00e7on. le visiteur du site s&#8217;interdit donc toute reproduction ou exploitation des dessins, mod\u00e8les, photos, l\u00e9gendes, fiches descriptives de produits etc sans l&#8217;autorisation expresse, \u00e9crite et pr\u00e9alable du titulaire du site qui peut la conditionner \u00e0 une contrepartie financi\u00e8re.<\/p>\n<p>Conform\u00e9ment \u00e0 la loi du 6 janvier 1978, le client dispose d&#8217;un droit d&#8217;acc\u00e8s, de rectification ou de suppression de ses donn\u00e9es collect\u00e9es figurant dans les fichiers de la soci\u00e9t\u00e9. Une copie des donn\u00e9es nominatives est d\u00e9livr\u00e9e \u00e0 l\u2019utilisateur sous r\u00e9serve de la production d\u2019une demande manuscrite avec photocopie recto-verso de la carte d\u2019identit\u00e9 ou de tout autre document officiel justifiant de l\u2019identit\u00e9 du demandeur demandant \u00e0 acc\u00e9der \u00e0 ses donn\u00e9es personnelles ou de donner suite \u00e0 des corrections. Ces droits sont exerc\u00e9s aupr\u00e8s du service client.[\/vc_column_text][mk_padding_divider][mk_padding_divider][\/vc_column][\/vc_row]","protected":false},"excerpt":{"rendered":"<p>[mk_page_section padding_top=&#8221;0&#8243; padding_bottom=&#8221;20&#8243; sidebar=&#8221;sidebar-1&#8243;][vc_column][\/vc_column][\/mk_page_section][vc_row][vc_column][mk_padding_divider][vc_column_text disable_pattern=&#8221;false&#8221;] MENTIONS L\u00c9GALES Le site www.enginova.fr (ci-apr\u00e8s le &#8220;Site&#8221;) est \u00e9dit\u00e9 par la soci\u00e9t\u00e9 Enginova au capital social de 20 000\u20ac. Si\u00e8ge social Station Alexandre 29-31 Boulevard Charles MORETTI 13014 MARSEILLE Directeur de la publication : Marc Amerigo D\u00e9veloppement et design du site\u00a0: Piknetart.com H\u00e9bergement : 1and1.fr Cr\u00e9dits photo : \u00a9Eric [&hellip;]<\/p>\n","protected":false},"author":1,"featured_media":0,"parent":0,"menu_order":0,"comment_status":"closed","ping_status":"closed","template":"","meta":{"footnotes":""},"class_list":["post-513","page","type-page","status-publish","hentry"],"_links":{"self":[{"href":"https:\/\/enginova.fr\/fr\/wp-json\/wp\/v2\/pages\/513","targetHints":{"allow":["GET"]}}],"collection":[{"href":"https:\/\/enginova.fr\/fr\/wp-json\/wp\/v2\/pages"}],"about":[{"href":"https:\/\/enginova.fr\/fr\/wp-json\/wp\/v2\/types\/page"}],"author":[{"embeddable":true,"href":"https:\/\/enginova.fr\/fr\/wp-json\/wp\/v2\/users\/1"}],"replies":[{"embeddable":true,"href":"https:\/\/enginova.fr\/fr\/wp-json\/wp\/v2\/comments?post=513"}],"version-history":[{"count":8,"href":"https:\/\/enginova.fr\/fr\/wp-json\/wp\/v2\/pages\/513\/revisions"}],"predecessor-version":[{"id":640,"href":"https:\/\/enginova.fr\/fr\/wp-json\/wp\/v2\/pages\/513\/revisions\/640"}],"wp:attachment":[{"href":"https:\/\/enginova.fr\/fr\/wp-json\/wp\/v2\/media?parent=513"}],"curies":[{"name":"wp","href":"https:\/\/api.w.org\/{rel}","templated":true}]}}