{"id":47,"date":"2016-10-11T15:53:37","date_gmt":"2016-10-11T13:53:37","guid":{"rendered":"http:\/\/enginova-solution.com\/?page_id=47"},"modified":"2017-01-07T18:04:56","modified_gmt":"2017-01-07T17:04:56","slug":"proteger","status":"publish","type":"page","link":"https:\/\/enginova.fr\/fr\/problematiques-resolues\/proteger\/","title":{"rendered":"Prot\u00e9ger \/ Se prot\u00e9ger"},"content":{"rendered":"[mk_page_section padding_top=&#8221;0&#8243; padding_bottom=&#8221;20&#8243; sidebar=&#8221;sidebar-1&#8243;][vc_column]<link href=\"https:\/\/fonts.googleapis.com\/css?family=Open+Sans:600\" rel=\"stylesheet\" property=\"stylesheet\" type=\"text\/css\" media=\"all\">\n<div id=\"rev_slider_3_1_wrapper\" class=\"rev_slider_wrapper fullwidthbanner-container\" data-source=\"gallery\" style=\"margin:0px auto;background:transparent;padding:0px;margin-top:0px;margin-bottom:0px;\">\n<!-- START REVOLUTION SLIDER 5.4.3.1 fullwidth mode -->\n\t<div id=\"rev_slider_3_1\" class=\"rev_slider fullwidthabanner\" style=\"display:none;\" data-version=\"5.4.3.1\">\n<ul>\t<!-- SLIDE  -->\n\t<li data-index=\"rs-11\" data-transition=\"fade\" data-slotamount=\"default\" data-hideafterloop=\"0\" data-hideslideonmobile=\"off\"  data-easein=\"default\" data-easeout=\"default\" data-masterspeed=\"300\"  data-rotate=\"0\"  data-saveperformance=\"off\"  data-title=\"Slide\" data-param1=\"\" data-param2=\"\" data-param3=\"\" data-param4=\"\" data-param5=\"\" data-param6=\"\" data-param7=\"\" data-param8=\"\" data-param9=\"\" data-param10=\"\" data-description=\"\">\n\t\t<!-- MAIN IMAGE -->\n\t\t<img loading=\"lazy\" decoding=\"async\" src=\"https:\/\/enginova.fr\/wp-content\/uploads\/2016\/11\/diapo-enginova-rev10.jpg\"  alt=\"\" title=\"diapo-enginova-rev10\"  width=\"1500\" height=\"700\" data-bgposition=\"center center\" data-bgfit=\"cover\" data-bgrepeat=\"no-repeat\" class=\"rev-slidebg\" data-no-retina>\n\t\t<!-- LAYERS -->\n\n\t\t<!-- LAYER NR. 1 -->\n\t\t<div class=\"tp-caption tp-shape tp-shapewrapper  tp-resizeme\" \n\t\t\t id=\"slide-11-layer-2\" \n\t\t\t data-x=\"38\" \n\t\t\t data-y=\"177\" \n\t\t\t\t\t\tdata-width=\"['421']\"\n\t\t\tdata-height=\"['141']\"\n \n\t\t\tdata-type=\"shape\" \n\t\t\tdata-responsive_offset=\"on\" \n\n\t\t\tdata-frames='[{\"delay\":500,\"speed\":300,\"frame\":\"0\",\"from\":\"opacity:0;\",\"to\":\"o:1;\",\"ease\":\"Power2.easeInOut\"},{\"delay\":\"wait\",\"speed\":300,\"frame\":\"999\",\"to\":\"opacity:0;\",\"ease\":\"nothing\"}]'\n\t\t\tdata-textAlign=\"['left','left','left','left']\"\n\t\t\tdata-paddingtop=\"[0,0,0,0]\"\n\t\t\tdata-paddingright=\"[0,0,0,0]\"\n\t\t\tdata-paddingbottom=\"[0,0,0,0]\"\n\t\t\tdata-paddingleft=\"[0,0,0,0]\"\n\n\t\t\tstyle=\"z-index: 5;background-color:rgba(0,0,0,0.50);\"> <\/div>\n\n\t\t<!-- LAYER NR. 2 -->\n\t\t<div class=\"tp-caption   tp-resizeme\" \n\t\t\t id=\"slide-11-layer-1\" \n\t\t\t data-x=\"53\" \n\t\t\t data-y=\"199\" \n\t\t\t\t\t\tdata-width=\"['398']\"\n\t\t\tdata-height=\"['auto']\"\n \n\t\t\tdata-type=\"text\" \n\t\t\tdata-responsive_offset=\"on\" \n\n\t\t\tdata-frames='[{\"delay\":500,\"speed\":300,\"frame\":\"0\",\"from\":\"opacity:0;\",\"to\":\"o:1;\",\"ease\":\"Power2.easeInOut\"},{\"delay\":\"wait\",\"speed\":300,\"frame\":\"999\",\"to\":\"opacity:0;\",\"ease\":\"nothing\"}]'\n\t\t\tdata-textAlign=\"['left','left','left','left']\"\n\t\t\tdata-paddingtop=\"[0,0,0,0]\"\n\t\t\tdata-paddingright=\"[0,0,0,0]\"\n\t\t\tdata-paddingbottom=\"[0,0,0,0]\"\n\t\t\tdata-paddingleft=\"[0,0,0,0]\"\n\n\t\t\tstyle=\"z-index: 6; min-width: 398px; max-width: 398px; white-space: normal; font-size: 20px; line-height: 25px; font-weight: 600; color: rgba(255,255,255,1);font-family:Open Sans;\">NOS SAVOIR-FAIRE, NOS PRESTATIONS :\nATTEINDRE LA PERFORMANCE PAR LE PILOTAGE MANAG\u00c9RIAL ET TECHNIQUE D\u2019UN PROJET <\/div>\n\t<\/li>\n<\/ul>\n<div class=\"tp-bannertimer tp-bottom\" style=\"visibility: hidden !important;\"><\/div>\t<\/div>\n<script>var htmlDiv = document.getElementById(\"rs-plugin-settings-inline-css\"); var htmlDivCss=\"\";\r\n\t\t\t\tif(htmlDiv) {\r\n\t\t\t\t\thtmlDiv.innerHTML = htmlDiv.innerHTML + htmlDivCss;\r\n\t\t\t\t}else{\r\n\t\t\t\t\tvar htmlDiv = document.createElement(\"div\");\r\n\t\t\t\t\thtmlDiv.innerHTML = \"<style>\" + htmlDivCss + \"<\/style>\";\r\n\t\t\t\t\tdocument.getElementsByTagName(\"head\")[0].appendChild(htmlDiv.childNodes[0]);\r\n\t\t\t\t}\r\n\t\t\t<\/script>\n\t\t<script type=\"text\/javascript\">\r\nsetREVStartSize({c: jQuery('#rev_slider_3_1'), gridwidth: [1240], gridheight: [430], sliderLayout: 'fullwidth'});\r\n\t\t\t\r\nvar revapi3,\r\n\ttpj=jQuery;\r\n\t\t\t\r\ntpj(document).ready(function() {\n\tif(tpj(\"#rev_slider_3_1\").revolution == undefined){\n\t\trevslider_showDoubleJqueryError(\"#rev_slider_3_1\");\n\t}else{\n\t\trevapi3 = tpj(\"#rev_slider_3_1\").show().revolution({\n\t\t\tsliderType:\"hero\",\n\t\t\tjsFileLocation:\"\/\/enginova.fr\/wp-content\/plugins\/revslider\/public\/assets\/js\/\",\n\t\t\tsliderLayout:\"fullwidth\",\n\t\t\tdottedOverlay:\"none\",\n\t\t\tdelay:9000,\n\t\t\tvisibilityLevels:[1240,1024,778,480],\n\t\t\tgridwidth:1240,\n\t\t\tgridheight:430,\n\t\t\tlazyType:\"none\",\n\t\t\tshadow:0,\n\t\t\tspinner:\"spinner0\",\n\t\t\tautoHeight:\"off\",\n\t\t\tdisableProgressBar:\"on\",\n\t\t\thideThumbsOnMobile:\"off\",\n\t\t\thideSliderAtLimit:0,\n\t\t\thideCaptionAtLimit:0,\n\t\t\thideAllCaptionAtLilmit:0,\n\t\t\tdebugMode:false,\n\t\t\tfallbacks: {\n\t\t\t\tsimplifyAll:\"off\",\n\t\t\t\tdisableFocusListener:false,\n\t\t\t}\n\t\t});\n\t}\n\t\n});\t\/*ready*\/\n<\/script>\r\n\t\t<\/div><!-- END REVOLUTION SLIDER -->[\/vc_column][\/mk_page_section][vc_row][vc_column][mk_padding_divider size=&#8221;30&#8243;][vc_column_text]\n<h4><span style=\"color: #0da2d4;\">PROBL\u00c9MATIQUES<\/span><\/h4>\n<h1>PROT\u00c9GER \/ SE PROT\u00c9GER<\/h1>\n[\/vc_column_text][mk_padding_divider size=&#8221;20&#8243;][\/vc_column][\/vc_row][vc_row][vc_column][vc_tta_tabs style=&#8221;flat&#8221; color=&#8221;white&#8221; active_section=&#8221;1&#8243; pagination_style=&#8221;flat-round&#8221; pagination_color=&#8221;sky&#8221;][vc_tta_section title=&#8221;Structures l\u00e9g\u00e8res&#8221; tab_id=&#8221;1480021050182-60221d20-9a76&#8243;][vc_column_text disable_pattern=&#8221;false&#8221;]\n<h3><img loading=\"lazy\" decoding=\"async\" class=\"alignnone wp-image-207\" src=\"http:\/\/enginova-solution.com\/wp-content\/uploads\/2016\/10\/pb-ref10-structureslegeres.jpg\" alt=\"pb-ref10-structureslegeres\" width=\"780\" height=\"397\" srcset=\"https:\/\/enginova.fr\/wp-content\/uploads\/2016\/10\/pb-ref10-structureslegeres.jpg 548w, https:\/\/enginova.fr\/wp-content\/uploads\/2016\/10\/pb-ref10-structureslegeres-300x153.jpg 300w, https:\/\/enginova.fr\/wp-content\/uploads\/2016\/10\/pb-ref10-structureslegeres-330x168.jpg 330w, https:\/\/enginova.fr\/wp-content\/uploads\/2016\/10\/pb-ref10-structureslegeres-414x211.jpg 414w\" sizes=\"auto, (max-width: 780px) 100vw, 780px\" \/><\/h3>\n<p>&nbsp;<\/p>\n<h4>SE PROT\u00c9GER PAR DES STRUCTURES L\u00c9G\u00c8RES<\/h4>\n<p><strong>Probl\u00e9matique : <\/strong>le milieu maritime est reconnu pour son savoir-faire dans l\u2019art du \u00ab\u00a0rigging\u00a0\u00bb, haubanage des gr\u00e9ements, permettant de monter des structures imposantes \u00e0 partir de simples c\u00e2bles et espars assembl\u00e9s. Se prot\u00e9ger des intemp\u00e9ries est une probl\u00e9matique incontournable de la construction et r\u00e9paration navale. La difficult\u00e9 est de pouvoir proposer une prestation conforme aux attentes, voire au-del\u00e0 des pratiques historiques.<\/p>\n<p><strong>Solution apport\u00e9e\u00a0: <\/strong>il a fallu d\u00e9velopper des solutions par c\u00e2blage hauban\u00e9 en les associant \u00e0 du film thermor\u00e9tractable. Ce type de solutions l\u00e9g\u00e8res mais complexes. Les mises en situations pr\u00e9-dimensionn\u00e9es par le calcul ont permis de r\u00e9pondre de fa\u00e7on fiable aux cahiers des charges les plus exigeants.[\/vc_column_text][\/vc_tta_section][vc_tta_section title=&#8221;Milieu urbain&#8221; tab_id=&#8221;1480021050221-84565c23-9e00&#8243;][vc_column_text disable_pattern=&#8221;false&#8221;]<img loading=\"lazy\" decoding=\"async\" class=\"alignnone wp-image-209\" src=\"http:\/\/enginova-solution.com\/wp-content\/uploads\/2016\/10\/pb-ref13-nice-300x153.jpg\" width=\"780\" height=\"397\" srcset=\"https:\/\/enginova.fr\/wp-content\/uploads\/2016\/10\/pb-ref13-nice-300x153.jpg 300w, https:\/\/enginova.fr\/wp-content\/uploads\/2016\/10\/pb-ref13-nice-330x168.jpg 330w, https:\/\/enginova.fr\/wp-content\/uploads\/2016\/10\/pb-ref13-nice-414x211.jpg 414w, https:\/\/enginova.fr\/wp-content\/uploads\/2016\/10\/pb-ref13-nice.jpg 548w\" sizes=\"auto, (max-width: 780px) 100vw, 780px\" \/><\/p>\n<h4>D\u00c9CONSTRUCTION DE B\u00c2TIMENT INCENDI\u00c9 EN MILIEU URBAIN<\/h4>\n<p><strong>La probl\u00e9matique\u00a0:<\/strong> en centre ville de Nice, un ancien b\u00e2timent br\u00fbl\u00e9 et amiant\u00e9 a d\u00fb \u00eatre d\u00e9moli et \u00e9vacu\u00e9 pour c\u00e9der la place \u00e0 un vaste programme immobilier. La situation intra-urbaine du site, \u00e0 quelques m\u00e8tres de la fameuse promenade des anglais, a impos\u00e9 un maximum de pr\u00e9cautions.<\/p>\n<p><strong>Solution apport\u00e9e\u00a0:<\/strong> le b\u00e2timent a \u00e9t\u00e9 enti\u00e8rement couvert par une structure \u00e9chafaud\u00e9e et b\u00e2ch\u00e9e. La d\u00e9construction a \u00e9t\u00e9 r\u00e9alis\u00e9e en plusieurs phases par des engins, entrant \u00e0 l\u2019int\u00e9rieur m\u00eame de la structure de confinement.[\/vc_column_text][\/vc_tta_section][vc_tta_section title=&#8221;\u00c9tanch\u00e9it\u00e9&#8221; tab_id=&#8221;1480021513287-fbc91719-61cf&#8221;][vc_column_text disable_pattern=&#8221;false&#8221;]<img loading=\"lazy\" decoding=\"async\" class=\"alignnone wp-image-210\" src=\"http:\/\/enginova-solution.com\/wp-content\/uploads\/2016\/10\/pb-ref14cannes-300x153.jpg\" width=\"780\" height=\"397\" srcset=\"https:\/\/enginova.fr\/wp-content\/uploads\/2016\/10\/pb-ref14cannes-300x153.jpg 300w, https:\/\/enginova.fr\/wp-content\/uploads\/2016\/10\/pb-ref14cannes-330x168.jpg 330w, https:\/\/enginova.fr\/wp-content\/uploads\/2016\/10\/pb-ref14cannes-414x211.jpg 414w, https:\/\/enginova.fr\/wp-content\/uploads\/2016\/10\/pb-ref14cannes.jpg 548w\" sizes=\"auto, (max-width: 780px) 100vw, 780px\" \/><\/p>\n<h4>ETANCH\u00c9IT\u00c9 PALAIS DES FESTIVALS DE CANNES<\/h4>\n<p><strong>Probl\u00e9matique\u00a0<\/strong>: lors de grands travaux de r\u00e9am\u00e9nagement du Palais, des probl\u00e8mes d\u2019\u00e9tanch\u00e9it\u00e9 sont apparus dans les parties sup\u00e9rieures de l\u2019\u00e9difice en cours de chantier. L\u2019eau ruisselait en de nombreux points du niveau inf\u00e9rieur. La demande du client \u00e9tait de lui apporter dans des d\u00e9lais tr\u00e8s courts une solution p\u00e9renne pour la dur\u00e9e des travaux.<\/p>\n<p><strong>Solution apport\u00e9e\u00a0: <\/strong>en \u00e9troite collaboration avec le Ma\u00eetre d\u2019Ouvrage et le Ma\u00eetre d\u2019Oeuvre, il a fallu mettre en place une structure de b\u00e2ches sur c\u00e2bles permettant l\u2019\u00e9vacuation des eaux de ruissellement vers l\u2019ext\u00e9rieur de la zone \u00e0 prot\u00e9ger. Un point dur technique a \u00e9t\u00e9 le traitement sp\u00e9cifique des tr\u00e8s nombreux piliers porteurs en IPN traversant les b\u00e2ches. L\u2019exposition aux entr\u00e9es d\u2019air maritime a impos\u00e9 une vigilance particuli\u00e8re sur la mise en \u0153uvre.[\/vc_column_text][\/vc_tta_section][vc_tta_section title=&#8221;Confinement Amiante&#8221; tab_id=&#8221;1480021514208-915c598d-2430&#8243;][vc_column_text disable_pattern=&#8221;false&#8221;]\n<h4><img loading=\"lazy\" decoding=\"async\" class=\"alignnone wp-image-206\" src=\"http:\/\/enginova-solution.com\/wp-content\/uploads\/2016\/10\/pb-ref9-gymnase.jpg\" alt=\"pb-ref9-gymnase\" width=\"780\" height=\"397\" srcset=\"https:\/\/enginova.fr\/wp-content\/uploads\/2016\/10\/pb-ref9-gymnase.jpg 548w, https:\/\/enginova.fr\/wp-content\/uploads\/2016\/10\/pb-ref9-gymnase-300x153.jpg 300w, https:\/\/enginova.fr\/wp-content\/uploads\/2016\/10\/pb-ref9-gymnase-330x168.jpg 330w, https:\/\/enginova.fr\/wp-content\/uploads\/2016\/10\/pb-ref9-gymnase-414x211.jpg 414w\" sizes=\"auto, (max-width: 780px) 100vw, 780px\" \/><\/h4>\n<p>&nbsp;<\/p>\n<h4>GYMNASE AMIANT\u00c9 INCENDI\u00c9 EN LORRAINE<\/h4>\n<p><strong>Probl\u00e9matique\u00a0:<\/strong>\u00a0 Lors des incendies, une probl\u00e9matique r\u00e9currente est la diss\u00e9mination des poussi\u00e8res pendant l\u2019incendie et son extinction par les services des pompiers. En cas de pr\u00e9sence d\u2019amiante, le site peut se retrouver enti\u00e8rement contamin\u00e9 apr\u00e8s le sinistre. Dans le cas de ce gymnase situ\u00e9 en ville, il a \u00e9t\u00e9 n\u00e9cessaire de confiner le gymnase afin de prot\u00e9ger l\u2019environnement imm\u00e9diat et permettre les travaux de d\u00e9contamination dans les r\u00e8gles de l\u2019art.<\/p>\n<p><strong>Solution apport\u00e9e\u00a0: <\/strong>La principale difficult\u00e9 \u00e9tait que la zone \u00e9tait rendue inaccessible du fait de l\u2019encombrement et de l\u2019omnipr\u00e9sence de poussi\u00e8res et de mat\u00e9riaux amiant\u00e9s. Il a fallu mettre en \u0153uvre une solution de toitures l\u00e9g\u00e8res grutables et fix\u00e9es sur les murs lat\u00e9raux restant en place. Sur la base de notes de calcul de descente de charge sur les ancrages, des structures de poutres film\u00e9es ont \u00e9t\u00e9 assembl\u00e9es au sol puis lev\u00e9es et mises en place. L\u2019acc\u00e8s a \u00e9t\u00e9 possible par nacelles positionn\u00e9es \u00e0 l\u2019ext\u00e9rieur du b\u00e2timent.[\/vc_column_text][\/vc_tta_section][vc_tta_section title=&#8221;Nucl\u00e9aire&#8221; tab_id=&#8221;1480021515573-395257b4-ab27&#8243;][vc_column_text disable_pattern=&#8221;false&#8221;]<img loading=\"lazy\" decoding=\"async\" class=\"alignnone wp-image-208\" src=\"http:\/\/enginova-solution.com\/wp-content\/uploads\/2016\/10\/pb-ref11-nucleaire.jpg\" width=\"780\" height=\"397\" srcset=\"https:\/\/enginova.fr\/wp-content\/uploads\/2016\/10\/pb-ref11-nucleaire.jpg 548w, https:\/\/enginova.fr\/wp-content\/uploads\/2016\/10\/pb-ref11-nucleaire-300x153.jpg 300w, https:\/\/enginova.fr\/wp-content\/uploads\/2016\/10\/pb-ref11-nucleaire-330x168.jpg 330w, https:\/\/enginova.fr\/wp-content\/uploads\/2016\/10\/pb-ref11-nucleaire-414x211.jpg 414w\" sizes=\"auto, (max-width: 780px) 100vw, 780px\" \/><\/p>\n<h4>REMPLACEMENT DE PEAU COMPOSITE EN B\u00c2TIMENT R\u00c9ACTEUR DE CENTRALE NUCL\u00c9AIRE<\/h4>\n<p><strong>La probl\u00e9matique : <\/strong>la face int\u00e9rieure d\u2019un b\u00e2timent r\u00e9acteur (BR) est couverte d\u2019une r\u00e9sine de protection tr\u00e8s haute r\u00e9sistance dont la qualit\u00e9 et l\u2019efficacit\u00e9 sont r\u00e9guli\u00e8rement contr\u00f4l\u00e9es par les autorit\u00e9s de s\u00fbret\u00e9 nucl\u00e9aire. Pendant certains arr\u00eats de tranche programm\u00e9s, les portions de rev\u00eatement le n\u00e9cessitant sont refaites par sablage puis application de r\u00e9sine. La poussi\u00e8re \u00e9mise pendant ces phases de travaux de sablage doit \u00eatre parfaitement contr\u00f4l\u00e9e sans aucune \u00e9mission en dehors du confinement dans le BR. Autre particularit\u00e9, au d\u00e9montage du confinement, les poussi\u00e8res emprisonn\u00e9es ne doivent pas \u00eatre lib\u00e9r\u00e9es.<\/p>\n<p><strong>Solution apport\u00e9e\u00a0: <\/strong>la mise en place d\u2019un confinement thermoplastique a apport\u00e9 la fiabilit\u00e9 attendue pour \u00e9tancher le volume. En phase de d\u00e9montage, la structure \u00e9chafaud\u00e9e support \u00e9tant pr\u00e9alablement d\u00e9pos\u00e9e, l\u2019acc\u00e8s \u00e0 l\u2019enveloppe de confinement est rendue impossible. Il a fallu mettre en \u0153uvre une proc\u00e9dure de d\u00e9coupe progressive de la face principale du confinement au niveau sup\u00e9rieur par bandes verticales depuis la passerelle.<\/p>\n[\/vc_column_text][\/vc_tta_section][\/vc_tta_tabs][\/vc_column][\/vc_row][vc_row][vc_column][mk_padding_divider][\/vc_column][\/vc_row]","protected":false},"excerpt":{"rendered":"<p>[mk_page_section padding_top=&#8221;0&#8243; padding_bottom=&#8221;20&#8243; sidebar=&#8221;sidebar-1&#8243;][vc_column][\/vc_column][\/mk_page_section][vc_row][vc_column][mk_padding_divider size=&#8221;30&#8243;][vc_column_text] PROBL\u00c9MATIQUES PROT\u00c9GER \/ SE PROT\u00c9GER [\/vc_column_text][mk_padding_divider size=&#8221;20&#8243;][\/vc_column][\/vc_row][vc_row][vc_column][vc_tta_tabs style=&#8221;flat&#8221; color=&#8221;white&#8221; active_section=&#8221;1&#8243; pagination_style=&#8221;flat-round&#8221; pagination_color=&#8221;sky&#8221;][vc_tta_section title=&#8221;Structures l\u00e9g\u00e8res&#8221; tab_id=&#8221;1480021050182-60221d20-9a76&#8243;][vc_column_text disable_pattern=&#8221;false&#8221;] &nbsp; SE PROT\u00c9GER PAR DES STRUCTURES L\u00c9G\u00c8RES Probl\u00e9matique : le milieu maritime est reconnu pour son savoir-faire dans l\u2019art du \u00ab\u00a0rigging\u00a0\u00bb, haubanage des gr\u00e9ements, permettant de monter des structures imposantes \u00e0 partir de simples [&hellip;]<\/p>\n","protected":false},"author":1,"featured_media":0,"parent":16,"menu_order":0,"comment_status":"closed","ping_status":"closed","template":"","meta":{"footnotes":""},"class_list":["post-47","page","type-page","status-publish","hentry"],"_links":{"self":[{"href":"https:\/\/enginova.fr\/fr\/wp-json\/wp\/v2\/pages\/47","targetHints":{"allow":["GET"]}}],"collection":[{"href":"https:\/\/enginova.fr\/fr\/wp-json\/wp\/v2\/pages"}],"about":[{"href":"https:\/\/enginova.fr\/fr\/wp-json\/wp\/v2\/types\/page"}],"author":[{"embeddable":true,"href":"https:\/\/enginova.fr\/fr\/wp-json\/wp\/v2\/users\/1"}],"replies":[{"embeddable":true,"href":"https:\/\/enginova.fr\/fr\/wp-json\/wp\/v2\/comments?post=47"}],"version-history":[{"count":37,"href":"https:\/\/enginova.fr\/fr\/wp-json\/wp\/v2\/pages\/47\/revisions"}],"predecessor-version":[{"id":416,"href":"https:\/\/enginova.fr\/fr\/wp-json\/wp\/v2\/pages\/47\/revisions\/416"}],"up":[{"embeddable":true,"href":"https:\/\/enginova.fr\/fr\/wp-json\/wp\/v2\/pages\/16"}],"wp:attachment":[{"href":"https:\/\/enginova.fr\/fr\/wp-json\/wp\/v2\/media?parent=47"}],"curies":[{"name":"wp","href":"https:\/\/api.w.org\/{rel}","templated":true}]}}