{"id":18,"date":"2016-10-06T15:16:01","date_gmt":"2016-10-06T13:16:01","guid":{"rendered":"http:\/\/enginova-solution.com\/?page_id=18"},"modified":"2023-11-04T12:54:43","modified_gmt":"2023-11-04T11:54:43","slug":"expertise-enginova","status":"publish","type":"page","link":"https:\/\/enginova.fr\/fr\/expertise-enginova\/","title":{"rendered":"EXPERTISE ENGINOVA"},"content":{"rendered":"[mk_page_section padding_top=&#8221;0&#8243; padding_bottom=&#8221;20&#8243; sidebar=&#8221;sidebar-1&#8243;][vc_column]<link href=\"https:\/\/fonts.googleapis.com\/css?family=Open+Sans:600\" rel=\"stylesheet\" property=\"stylesheet\" type=\"text\/css\" media=\"all\">\n<div id=\"rev_slider_6_1_wrapper\" class=\"rev_slider_wrapper fullwidthbanner-container\" data-source=\"gallery\" style=\"margin:0px auto;background:transparent;padding:0px;margin-top:0px;margin-bottom:0px;\">\n<!-- START REVOLUTION SLIDER 5.4.3.1 fullwidth mode -->\n\t<div id=\"rev_slider_6_1\" class=\"rev_slider fullwidthabanner\" style=\"display:none;\" data-version=\"5.4.3.1\">\n<ul>\t<!-- SLIDE  -->\n\t<li data-index=\"rs-14\" data-transition=\"fade\" data-slotamount=\"default\" data-hideafterloop=\"0\" data-hideslideonmobile=\"off\"  data-easein=\"default\" data-easeout=\"default\" data-masterspeed=\"300\"  data-rotate=\"0\"  data-saveperformance=\"off\"  data-title=\"Slide\" data-param1=\"\" data-param2=\"\" data-param3=\"\" data-param4=\"\" data-param5=\"\" data-param6=\"\" data-param7=\"\" data-param8=\"\" data-param9=\"\" data-param10=\"\" data-description=\"\">\n\t\t<!-- MAIN IMAGE -->\n\t\t<img loading=\"lazy\" decoding=\"async\" src=\"https:\/\/enginova.fr\/wp-content\/uploads\/2016\/11\/diapo-enginova-rev8.jpg\"  alt=\"\" title=\"diapo-enginova-rev8\"  width=\"1500\" height=\"700\" data-bgposition=\"center center\" data-bgfit=\"cover\" data-bgrepeat=\"no-repeat\" class=\"rev-slidebg\" data-no-retina>\n\t\t<!-- LAYERS -->\n\n\t\t<!-- LAYER NR. 1 -->\n\t\t<div class=\"tp-caption tp-shape tp-shapewrapper  tp-resizeme\" \n\t\t\t id=\"slide-14-layer-2\" \n\t\t\t data-x=\"38\" \n\t\t\t data-y=\"175\" \n\t\t\t\t\t\tdata-width=\"['465']\"\n\t\t\tdata-height=\"['153']\"\n \n\t\t\tdata-type=\"shape\" \n\t\t\tdata-responsive_offset=\"on\" \n\n\t\t\tdata-frames='[{\"delay\":500,\"speed\":300,\"frame\":\"0\",\"from\":\"opacity:0;\",\"to\":\"o:1;\",\"ease\":\"Power2.easeInOut\"},{\"delay\":\"wait\",\"speed\":300,\"frame\":\"999\",\"to\":\"opacity:0;\",\"ease\":\"nothing\"}]'\n\t\t\tdata-textAlign=\"['left','left','left','left']\"\n\t\t\tdata-paddingtop=\"[0,0,0,0]\"\n\t\t\tdata-paddingright=\"[0,0,0,0]\"\n\t\t\tdata-paddingbottom=\"[0,0,0,0]\"\n\t\t\tdata-paddingleft=\"[0,0,0,0]\"\n\n\t\t\tstyle=\"z-index: 5;background-color:rgba(0,0,0,0.50);\"> <\/div>\n\n\t\t<!-- LAYER NR. 2 -->\n\t\t<div class=\"tp-caption   tp-resizeme\" \n\t\t\t id=\"slide-14-layer-1\" \n\t\t\t data-x=\"60\" \n\t\t\t data-y=\"202\" \n\t\t\t\t\t\tdata-width=\"['422']\"\n\t\t\tdata-height=\"['auto']\"\n \n\t\t\tdata-type=\"text\" \n\t\t\tdata-responsive_offset=\"on\" \n\n\t\t\tdata-frames='[{\"delay\":500,\"speed\":300,\"frame\":\"0\",\"from\":\"opacity:0;\",\"to\":\"o:1;\",\"ease\":\"Power2.easeInOut\"},{\"delay\":\"wait\",\"speed\":300,\"frame\":\"999\",\"to\":\"opacity:0;\",\"ease\":\"nothing\"}]'\n\t\t\tdata-textAlign=\"['left','left','left','left']\"\n\t\t\tdata-paddingtop=\"[0,0,0,0]\"\n\t\t\tdata-paddingright=\"[0,0,0,0]\"\n\t\t\tdata-paddingbottom=\"[0,0,0,0]\"\n\t\t\tdata-paddingleft=\"[0,0,0,0]\"\n\n\t\t\tstyle=\"z-index: 6; min-width: 422px; max-width: 422px; white-space: normal; font-size: 20px; line-height: 25px; font-weight: 600; color: rgba(255,255,255,1);font-family:Open Sans;\">20 ANS D'EXPERIENCE EN INGENIERIE DANS TOUS LES DOMAINES INDUSTRIELS POUR ASSURER LES MEILLEURES SOLUTIONS A TOUTES VOS PROBLEMATIQUES <\/div>\n\t<\/li>\n<\/ul>\n<div class=\"tp-bannertimer tp-bottom\" style=\"visibility: hidden !important;\"><\/div>\t<\/div>\n<script>var htmlDiv = document.getElementById(\"rs-plugin-settings-inline-css\"); var htmlDivCss=\"\";\r\n\t\t\t\tif(htmlDiv) {\r\n\t\t\t\t\thtmlDiv.innerHTML = htmlDiv.innerHTML + htmlDivCss;\r\n\t\t\t\t}else{\r\n\t\t\t\t\tvar htmlDiv = document.createElement(\"div\");\r\n\t\t\t\t\thtmlDiv.innerHTML = \"<style>\" + htmlDivCss + \"<\/style>\";\r\n\t\t\t\t\tdocument.getElementsByTagName(\"head\")[0].appendChild(htmlDiv.childNodes[0]);\r\n\t\t\t\t}\r\n\t\t\t<\/script>\n\t\t<script type=\"text\/javascript\">\r\nsetREVStartSize({c: jQuery('#rev_slider_6_1'), gridwidth: [1240], gridheight: [430], sliderLayout: 'fullwidth'});\r\n\t\t\t\r\nvar revapi6,\r\n\ttpj=jQuery;\r\n\t\t\t\r\ntpj(document).ready(function() {\n\tif(tpj(\"#rev_slider_6_1\").revolution == undefined){\n\t\trevslider_showDoubleJqueryError(\"#rev_slider_6_1\");\n\t}else{\n\t\trevapi6 = tpj(\"#rev_slider_6_1\").show().revolution({\n\t\t\tsliderType:\"hero\",\n\t\t\tjsFileLocation:\"\/\/enginova.fr\/wp-content\/plugins\/revslider\/public\/assets\/js\/\",\n\t\t\tsliderLayout:\"fullwidth\",\n\t\t\tdottedOverlay:\"none\",\n\t\t\tdelay:9000,\n\t\t\tvisibilityLevels:[1240,1024,778,480],\n\t\t\tgridwidth:1240,\n\t\t\tgridheight:430,\n\t\t\tlazyType:\"none\",\n\t\t\tshadow:0,\n\t\t\tspinner:\"spinner0\",\n\t\t\tautoHeight:\"off\",\n\t\t\tdisableProgressBar:\"on\",\n\t\t\thideThumbsOnMobile:\"off\",\n\t\t\thideSliderAtLimit:0,\n\t\t\thideCaptionAtLimit:0,\n\t\t\thideAllCaptionAtLilmit:0,\n\t\t\tdebugMode:false,\n\t\t\tfallbacks: {\n\t\t\t\tsimplifyAll:\"off\",\n\t\t\t\tdisableFocusListener:false,\n\t\t\t}\n\t\t});\n\t}\n\t\n});\t\/*ready*\/\n<\/script>\r\n\t\t<\/div><!-- END REVOLUTION SLIDER -->[\/vc_column][\/mk_page_section][vc_row][vc_column][mk_padding_divider][vc_column_text]\n<h1>EXPERTISE ENGINOVA<\/h1>\n[\/vc_column_text][mk_padding_divider][vc_column_text disable_pattern=&#8221;false&#8221; css=&#8221;.vc_custom_1699039711251{margin-bottom: 0px !important;}&#8221;]\n<h3><span style=\"color: #0693c7;\">Quelques trente ann\u00e9es d&#8217;exp\u00e9rience dans l&#8217;<span class=\"bleu-fonce\">entreprenariat, le pilotage de projets et la recherche &amp; d\u00e9veloppement <\/span>sont le creuset de notre expertise si particuli\u00e8re.<\/span><\/h3>\n<p>Au travers d&#8217;interventions r\u00e9p\u00e9t\u00e9es dans des milieux aussi vari\u00e9s et compl\u00e9mentaires que l&#8217;a\u00e9ronautique, l&#8217;automobile, la p\u00e9trochimie, le nucl\u00e9aire, l&#8217;industrie maritime ou le milieu si particulier des performances sportives extr\u00eames (vitesse \u00e0 la voile en VTT ou en sports m\u00e9caniques), nous avons su d\u00e9velopper un <span class=\"bleu-fonce\">oeil critique et novateur sur un grand champ de situations critiques.<\/span><\/p>\n<p style=\"text-align: justify;\"><strong class=\"bleu\">EngiNova <\/strong>est la synth\u00e8se de ces ann\u00e9es de pratique amenant \u00e0 proposer notre &#8220;vision de solution&#8221; au service de nos clients.<\/p>\n[\/vc_column_text][mk_padding_divider][vc_column_text disable_pattern=&#8221;false&#8221; css=&#8221;.vc_custom_1699040240671{margin-bottom: 0px !important;}&#8221;]\n<h3><span style=\"color: #0693c7;\">CONSULTING &amp; ACCOMPAGNEMENT TERRAIN<\/span><br \/>\n<span style=\"color: #0693c7;\">EngiNova vous accompagne dans l\u2019optimisation de vos projets.<\/span><\/h3>\n<p style=\"text-align: justify;\"><strong><a href=\"https:\/\/marc-amerigo.com\/consulting-fr\/\" target=\"_blank\" rel=\"noopener noreferrer\">En savoir + ici : du Flux vers le Flow &gt;<\/a><\/strong><\/p>\n<h2 style=\"text-align: justify;\"><\/h2>\n[\/vc_column_text][mk_padding_divider][vc_column_text disable_pattern=&#8221;false&#8221; css=&#8221;.vc_custom_1699098868222{margin-bottom: 0px !important;}&#8221;]\n<h3 class=\"bleu-fonce\"><span style=\"color: #0693c7;\"><a href=\"https:\/\/marc-amerigo.com\/\">Marc Amerigo<\/a>, fondateur d&#8217;Enginova<\/span><\/h3>\n<p><em>Ing\u00e9nieur dipl\u00f4m\u00e9 en 1993 de l\u2019Ecole Centrale de Lyon, Grande Ecole d&#8217;ing\u00e9nieurs, puis form\u00e9 \u00e0 l\u2019Universit\u00e9 du Maryland au Centre de Recherche H\u00e9licopt\u00e8res, ainsi qu\u2019\u00e0 l\u2019Ecole de Management de Lyon (EM Lyon).<br \/>\nPassionn\u00e9 de sports \u00e0 sensation, il a toujours rapproch\u00e9 son m\u00e9tier d\u2019ing\u00e9nieur de la recherche de performance. Fondateur associ\u00e9 et Pr\u00e9sident de GREEN CAP SAS de 2002 \u00e0 2011, il a largement particip\u00e9 au d\u00e9veloppement de l\u2019activit\u00e9 de confinement industriel pendant cette p\u00e9riode dans de nombreux secteurs industriels. Entrepreneur dans l\u2019\u00e2me, EngiNova est le fruit de ces ann\u00e9es d\u2019exp\u00e9rience. Il est \u00e9galement Conf\u00e9rencier Professionnel en France et \u00e0 l&#8217;International : <a href=\"https:\/\/marc-amerigo.com\/conferences\/\" target=\"_blank\" rel=\"noopener noreferrer\"><strong>ses conf\u00e9rences ici &gt;<\/strong><\/a><\/em>[\/vc_column_text][mk_padding_divider][\/vc_column][\/vc_row]","protected":false},"excerpt":{"rendered":"<p>[mk_page_section padding_top=&#8221;0&#8243; padding_bottom=&#8221;20&#8243; sidebar=&#8221;sidebar-1&#8243;][vc_column][\/vc_column][\/mk_page_section][vc_row][vc_column][mk_padding_divider][vc_column_text] EXPERTISE ENGINOVA [\/vc_column_text][mk_padding_divider][vc_column_text disable_pattern=&#8221;false&#8221; css=&#8221;.vc_custom_1699039711251{margin-bottom: 0px !important;}&#8221;] Quelques trente ann\u00e9es d&#8217;exp\u00e9rience dans l&#8217;entreprenariat, le pilotage de projets et la recherche &amp; d\u00e9veloppement sont le creuset de notre expertise si particuli\u00e8re. Au travers d&#8217;interventions r\u00e9p\u00e9t\u00e9es dans des milieux aussi vari\u00e9s et compl\u00e9mentaires que l&#8217;a\u00e9ronautique, l&#8217;automobile, la p\u00e9trochimie, le nucl\u00e9aire, l&#8217;industrie maritime ou [&hellip;]<\/p>\n","protected":false},"author":1,"featured_media":0,"parent":0,"menu_order":0,"comment_status":"closed","ping_status":"closed","template":"","meta":{"footnotes":""},"class_list":["post-18","page","type-page","status-publish","hentry"],"_links":{"self":[{"href":"https:\/\/enginova.fr\/fr\/wp-json\/wp\/v2\/pages\/18","targetHints":{"allow":["GET"]}}],"collection":[{"href":"https:\/\/enginova.fr\/fr\/wp-json\/wp\/v2\/pages"}],"about":[{"href":"https:\/\/enginova.fr\/fr\/wp-json\/wp\/v2\/types\/page"}],"author":[{"embeddable":true,"href":"https:\/\/enginova.fr\/fr\/wp-json\/wp\/v2\/users\/1"}],"replies":[{"embeddable":true,"href":"https:\/\/enginova.fr\/fr\/wp-json\/wp\/v2\/comments?post=18"}],"version-history":[{"count":41,"href":"https:\/\/enginova.fr\/fr\/wp-json\/wp\/v2\/pages\/18\/revisions"}],"predecessor-version":[{"id":807,"href":"https:\/\/enginova.fr\/fr\/wp-json\/wp\/v2\/pages\/18\/revisions\/807"}],"wp:attachment":[{"href":"https:\/\/enginova.fr\/fr\/wp-json\/wp\/v2\/media?parent=18"}],"curies":[{"name":"wp","href":"https:\/\/api.w.org\/{rel}","templated":true}]}}