{"id":16,"date":"2016-10-06T15:15:40","date_gmt":"2016-10-06T13:15:40","guid":{"rendered":"http:\/\/enginova-solution.com\/?page_id=16"},"modified":"2017-01-07T18:04:01","modified_gmt":"2017-01-07T17:04:01","slug":"problematiques-resolues","status":"publish","type":"page","link":"https:\/\/enginova.fr\/fr\/problematiques-resolues\/","title":{"rendered":"PROBL\u00c9MATIQUES R\u00c9SOLUES"},"content":{"rendered":"[mk_page_section padding_top=&#8221;0&#8243; padding_bottom=&#8221;20&#8243; sidebar=&#8221;sidebar-1&#8243;][vc_column]<link href=\"https:\/\/fonts.googleapis.com\/css?family=Open+Sans:600\" rel=\"stylesheet\" property=\"stylesheet\" type=\"text\/css\" media=\"all\">\n<div id=\"rev_slider_3_1_wrapper\" class=\"rev_slider_wrapper fullwidthbanner-container\" data-source=\"gallery\" style=\"margin:0px auto;background:transparent;padding:0px;margin-top:0px;margin-bottom:0px;\">\n<!-- START REVOLUTION SLIDER 5.4.3.1 fullwidth mode -->\n\t<div id=\"rev_slider_3_1\" class=\"rev_slider fullwidthabanner\" style=\"display:none;\" data-version=\"5.4.3.1\">\n<ul>\t<!-- SLIDE  -->\n\t<li data-index=\"rs-11\" data-transition=\"fade\" data-slotamount=\"default\" data-hideafterloop=\"0\" data-hideslideonmobile=\"off\"  data-easein=\"default\" data-easeout=\"default\" data-masterspeed=\"300\"  data-rotate=\"0\"  data-saveperformance=\"off\"  data-title=\"Slide\" data-param1=\"\" data-param2=\"\" data-param3=\"\" data-param4=\"\" data-param5=\"\" data-param6=\"\" data-param7=\"\" data-param8=\"\" data-param9=\"\" data-param10=\"\" data-description=\"\">\n\t\t<!-- MAIN IMAGE -->\n\t\t<img loading=\"lazy\" decoding=\"async\" src=\"https:\/\/enginova.fr\/wp-content\/uploads\/2016\/11\/diapo-enginova-rev10.jpg\"  alt=\"\" title=\"diapo-enginova-rev10\"  width=\"1500\" height=\"700\" data-bgposition=\"center center\" data-bgfit=\"cover\" data-bgrepeat=\"no-repeat\" class=\"rev-slidebg\" data-no-retina>\n\t\t<!-- LAYERS -->\n\n\t\t<!-- LAYER NR. 1 -->\n\t\t<div class=\"tp-caption tp-shape tp-shapewrapper  tp-resizeme\" \n\t\t\t id=\"slide-11-layer-2\" \n\t\t\t data-x=\"38\" \n\t\t\t data-y=\"177\" \n\t\t\t\t\t\tdata-width=\"['421']\"\n\t\t\tdata-height=\"['141']\"\n \n\t\t\tdata-type=\"shape\" \n\t\t\tdata-responsive_offset=\"on\" \n\n\t\t\tdata-frames='[{\"delay\":500,\"speed\":300,\"frame\":\"0\",\"from\":\"opacity:0;\",\"to\":\"o:1;\",\"ease\":\"Power2.easeInOut\"},{\"delay\":\"wait\",\"speed\":300,\"frame\":\"999\",\"to\":\"opacity:0;\",\"ease\":\"nothing\"}]'\n\t\t\tdata-textAlign=\"['left','left','left','left']\"\n\t\t\tdata-paddingtop=\"[0,0,0,0]\"\n\t\t\tdata-paddingright=\"[0,0,0,0]\"\n\t\t\tdata-paddingbottom=\"[0,0,0,0]\"\n\t\t\tdata-paddingleft=\"[0,0,0,0]\"\n\n\t\t\tstyle=\"z-index: 5;background-color:rgba(0,0,0,0.50);\"> <\/div>\n\n\t\t<!-- LAYER NR. 2 -->\n\t\t<div class=\"tp-caption   tp-resizeme\" \n\t\t\t id=\"slide-11-layer-1\" \n\t\t\t data-x=\"53\" \n\t\t\t data-y=\"199\" \n\t\t\t\t\t\tdata-width=\"['398']\"\n\t\t\tdata-height=\"['auto']\"\n \n\t\t\tdata-type=\"text\" \n\t\t\tdata-responsive_offset=\"on\" \n\n\t\t\tdata-frames='[{\"delay\":500,\"speed\":300,\"frame\":\"0\",\"from\":\"opacity:0;\",\"to\":\"o:1;\",\"ease\":\"Power2.easeInOut\"},{\"delay\":\"wait\",\"speed\":300,\"frame\":\"999\",\"to\":\"opacity:0;\",\"ease\":\"nothing\"}]'\n\t\t\tdata-textAlign=\"['left','left','left','left']\"\n\t\t\tdata-paddingtop=\"[0,0,0,0]\"\n\t\t\tdata-paddingright=\"[0,0,0,0]\"\n\t\t\tdata-paddingbottom=\"[0,0,0,0]\"\n\t\t\tdata-paddingleft=\"[0,0,0,0]\"\n\n\t\t\tstyle=\"z-index: 6; min-width: 398px; max-width: 398px; white-space: normal; font-size: 20px; line-height: 25px; font-weight: 600; color: rgba(255,255,255,1);font-family:Open Sans;\">NOS SAVOIR-FAIRE, NOS PRESTATIONS :\nATTEINDRE LA PERFORMANCE PAR LE PILOTAGE MANAG\u00c9RIAL ET TECHNIQUE D\u2019UN PROJET <\/div>\n\t<\/li>\n<\/ul>\n<div class=\"tp-bannertimer tp-bottom\" style=\"visibility: hidden !important;\"><\/div>\t<\/div>\n<script>var htmlDiv = document.getElementById(\"rs-plugin-settings-inline-css\"); var htmlDivCss=\"\";\r\n\t\t\t\tif(htmlDiv) {\r\n\t\t\t\t\thtmlDiv.innerHTML = htmlDiv.innerHTML + htmlDivCss;\r\n\t\t\t\t}else{\r\n\t\t\t\t\tvar htmlDiv = document.createElement(\"div\");\r\n\t\t\t\t\thtmlDiv.innerHTML = \"<style>\" + htmlDivCss + \"<\/style>\";\r\n\t\t\t\t\tdocument.getElementsByTagName(\"head\")[0].appendChild(htmlDiv.childNodes[0]);\r\n\t\t\t\t}\r\n\t\t\t<\/script>\n\t\t<script type=\"text\/javascript\">\r\nsetREVStartSize({c: jQuery('#rev_slider_3_1'), gridwidth: [1240], gridheight: [430], sliderLayout: 'fullwidth'});\r\n\t\t\t\r\nvar revapi3,\r\n\ttpj=jQuery;\r\n\t\t\t\r\ntpj(document).ready(function() {\n\tif(tpj(\"#rev_slider_3_1\").revolution == undefined){\n\t\trevslider_showDoubleJqueryError(\"#rev_slider_3_1\");\n\t}else{\n\t\trevapi3 = tpj(\"#rev_slider_3_1\").show().revolution({\n\t\t\tsliderType:\"hero\",\n\t\t\tjsFileLocation:\"\/\/enginova.fr\/wp-content\/plugins\/revslider\/public\/assets\/js\/\",\n\t\t\tsliderLayout:\"fullwidth\",\n\t\t\tdottedOverlay:\"none\",\n\t\t\tdelay:9000,\n\t\t\tvisibilityLevels:[1240,1024,778,480],\n\t\t\tgridwidth:1240,\n\t\t\tgridheight:430,\n\t\t\tlazyType:\"none\",\n\t\t\tshadow:0,\n\t\t\tspinner:\"spinner0\",\n\t\t\tautoHeight:\"off\",\n\t\t\tdisableProgressBar:\"on\",\n\t\t\thideThumbsOnMobile:\"off\",\n\t\t\thideSliderAtLimit:0,\n\t\t\thideCaptionAtLimit:0,\n\t\t\thideAllCaptionAtLilmit:0,\n\t\t\tdebugMode:false,\n\t\t\tfallbacks: {\n\t\t\t\tsimplifyAll:\"off\",\n\t\t\t\tdisableFocusListener:false,\n\t\t\t}\n\t\t});\n\t}\n\t\n});\t\/*ready*\/\n<\/script>\r\n\t\t<\/div><!-- END REVOLUTION SLIDER -->[\/vc_column][\/mk_page_section][vc_row][vc_column][mk_padding_divider][\/vc_column][\/vc_row][vc_row][vc_column width=&#8221;1\/2&#8243;][vc_column_text]<a href=\"http:\/\/enginova-solution.com\/problematiques-resolues\/proteger\/\"><img loading=\"lazy\" decoding=\"async\" class=\"alignnone wp-image-192 size-medium\" src=\"http:\/\/enginova-solution.com\/wp-content\/uploads\/2016\/10\/hangar-300x144.jpg\" alt=\"hangar\" width=\"300\" height=\"144\" srcset=\"https:\/\/enginova.fr\/wp-content\/uploads\/2016\/10\/hangar-300x144.jpg 300w, https:\/\/enginova.fr\/wp-content\/uploads\/2016\/10\/hangar-330x159.jpg 330w, https:\/\/enginova.fr\/wp-content\/uploads\/2016\/10\/hangar.jpg 339w\" sizes=\"auto, (max-width: 300px) 100vw, 300px\" \/><\/a>[\/vc_column_text][\/vc_column][vc_column width=&#8221;1\/2&#8243;][vc_column_text]\n<h3><span style=\"color: #0693c7;\">PROT\u00c9GER \/ SE PROT\u00c9GER,<\/span><\/h3>\n<p>temporairement des intemp\u00e9ries <em>(vent, pluie, neige)<\/em> et probl\u00e8mes d\u2019\u00e9tanch\u00e9it\u00e9 \u00e0 l\u2019air ou \u00e0 l\u2019eau.[\/vc_column_text][mk_button dimension=&#8221;flat&#8221; corner_style=&#8221;rounded&#8221; url=&#8221;problematiques-resolues\/proteger\/&#8221; align=&#8221;center&#8221; fullwidth=&#8221;true&#8221;]PROT\u00c9GER \/ SE PROT\u00c9GER[\/mk_button][\/vc_column][\/vc_row][vc_row][vc_column][mk_padding_divider][\/vc_column][\/vc_row][vc_row][vc_column width=&#8221;1\/2&#8243;][vc_column_text]<a href=\"http:\/\/enginova-solution.com\/problematiques-resolues\/qualite-de-lair\/\"><img loading=\"lazy\" decoding=\"async\" class=\"alignnone wp-image-193 size-medium\" src=\"http:\/\/enginova-solution.com\/wp-content\/uploads\/2016\/10\/pb-ref15bateausophie-300x153.jpg\" alt=\"pb-ref15bateausophie\" width=\"300\" height=\"153\" srcset=\"https:\/\/enginova.fr\/wp-content\/uploads\/2016\/10\/pb-ref15bateausophie-300x153.jpg 300w, https:\/\/enginova.fr\/wp-content\/uploads\/2016\/10\/pb-ref15bateausophie-330x168.jpg 330w, https:\/\/enginova.fr\/wp-content\/uploads\/2016\/10\/pb-ref15bateausophie-414x211.jpg 414w, https:\/\/enginova.fr\/wp-content\/uploads\/2016\/10\/pb-ref15bateausophie.jpg 548w\" sizes=\"auto, (max-width: 300px) 100vw, 300px\" \/><\/a>[\/vc_column_text][\/vc_column][vc_column width=&#8221;1\/2&#8243;][vc_column_text]\n<h3><span style=\"color: #0693c7;\">MA\u00ceTRISER LA QUALIT\u00c9 DE L\u2019AIR,<\/span><\/h3>\n<p>dans un volume pour tous types de travaux.[\/vc_column_text][mk_button dimension=&#8221;flat&#8221; corner_style=&#8221;rounded&#8221; url=&#8221;problematiques-resolues\/qualite-de-lair\/&#8221; align=&#8221;center&#8221; fullwidth=&#8221;true&#8221;]MA\u00ceTRISER LA QUALIT\u00c9 DE L\u2019AIR[\/mk_button][\/vc_column][\/vc_row][vc_row][vc_column][mk_padding_divider][\/vc_column][\/vc_row][vc_row][vc_column width=&#8221;1\/2&#8243;][vc_column_text]<a href=\"http:\/\/enginova-solution.com\/problematiques-resolues\/sports-extremes\/\"><img loading=\"lazy\" decoding=\"async\" class=\"alignnone wp-image-191 size-medium\" src=\"http:\/\/enginova-solution.com\/wp-content\/uploads\/2016\/10\/diapo-prob-snowboard-edmond-300x153.jpg\" alt=\"diapo-prob-snowboard-edmond\" width=\"300\" height=\"153\" srcset=\"https:\/\/enginova.fr\/wp-content\/uploads\/2016\/10\/diapo-prob-snowboard-edmond-300x153.jpg 300w, https:\/\/enginova.fr\/wp-content\/uploads\/2016\/10\/diapo-prob-snowboard-edmond-330x168.jpg 330w, https:\/\/enginova.fr\/wp-content\/uploads\/2016\/10\/diapo-prob-snowboard-edmond-414x211.jpg 414w, https:\/\/enginova.fr\/wp-content\/uploads\/2016\/10\/diapo-prob-snowboard-edmond.jpg 548w\" sizes=\"auto, (max-width: 300px) 100vw, 300px\" \/><\/a>[\/vc_column_text][\/vc_column][vc_column width=&#8221;1\/2&#8243;][vc_column_text]\n<h3><span style=\"color: #0693c7;\">SPORTS EXTR\u00caMES,<\/span><\/h3>\n<p>\u00e0 grande vitesse, savoir allier performance totale, s\u00e9curit\u00e9 et technologie innovante.[\/vc_column_text][mk_button dimension=&#8221;flat&#8221; corner_style=&#8221;rounded&#8221; url=&#8221;problematiques-resolues\/sports-extremes\/&#8221; align=&#8221;center&#8221; fullwidth=&#8221;true&#8221;]SPORTS EXTR\u00caMES \u00c0 GRANDE VITESSE[\/mk_button][\/vc_column][\/vc_row][vc_row][vc_column][mk_padding_divider][\/vc_column][\/vc_row][vc_row][vc_column width=&#8221;1\/2&#8243;][vc_column_text]<a href=\"http:\/\/enginova-solution.com\/problematiques-resolues\/solutions-innovantes\/\"><img loading=\"lazy\" decoding=\"async\" class=\"alignnone size-medium wp-image-190\" src=\"http:\/\/enginova-solution.com\/wp-content\/uploads\/2016\/10\/diapo-prob-innovation-1-300x144.jpg\" alt=\"diapo-prob-innovation\" width=\"300\" height=\"144\" srcset=\"https:\/\/enginova.fr\/wp-content\/uploads\/2016\/10\/diapo-prob-innovation-1-300x144.jpg 300w, https:\/\/enginova.fr\/wp-content\/uploads\/2016\/10\/diapo-prob-innovation-1-330x159.jpg 330w, https:\/\/enginova.fr\/wp-content\/uploads\/2016\/10\/diapo-prob-innovation-1.jpg 339w\" sizes=\"auto, (max-width: 300px) 100vw, 300px\" \/><\/a>[\/vc_column_text][\/vc_column][vc_column width=&#8221;1\/2&#8243;][vc_column_text]\n<h3><span style=\"color: #0693c7;\">SOLUTIONS INNOVANTES,<\/span><\/h3>\n<p>par le pilotage manag\u00e9rial et technique d\u2019un projet.[\/vc_column_text][mk_button dimension=&#8221;flat&#8221; corner_style=&#8221;rounded&#8221; url=&#8221;problematiques-resolues\/solutions-innovantes\/&#8221; align=&#8221;center&#8221; fullwidth=&#8221;true&#8221;]ACCOMPAGNEMENT ET FORMATION[\/mk_button][\/vc_column][\/vc_row][vc_row][vc_column][mk_padding_divider][\/vc_column][\/vc_row]","protected":false},"excerpt":{"rendered":"<p>[mk_page_section padding_top=&#8221;0&#8243; padding_bottom=&#8221;20&#8243; sidebar=&#8221;sidebar-1&#8243;][vc_column][\/vc_column][\/mk_page_section][vc_row][vc_column][mk_padding_divider][\/vc_column][\/vc_row][vc_row][vc_column width=&#8221;1\/2&#8243;][vc_column_text][\/vc_column_text][\/vc_column][vc_column width=&#8221;1\/2&#8243;][vc_column_text] PROT\u00c9GER \/ SE PROT\u00c9GER, temporairement des intemp\u00e9ries (vent, pluie, neige) et probl\u00e8mes d\u2019\u00e9tanch\u00e9it\u00e9 \u00e0 l\u2019air ou \u00e0 l\u2019eau.[\/vc_column_text][mk_button dimension=&#8221;flat&#8221; corner_style=&#8221;rounded&#8221; url=&#8221;problematiques-resolues\/proteger\/&#8221; align=&#8221;center&#8221; fullwidth=&#8221;true&#8221;]PROT\u00c9GER \/ SE PROT\u00c9GER[\/mk_button][\/vc_column][\/vc_row][vc_row][vc_column][mk_padding_divider][\/vc_column][\/vc_row][vc_row][vc_column width=&#8221;1\/2&#8243;][vc_column_text][\/vc_column_text][\/vc_column][vc_column width=&#8221;1\/2&#8243;][vc_column_text] MA\u00ceTRISER LA QUALIT\u00c9 DE L\u2019AIR, dans un volume pour tous types de travaux.[\/vc_column_text][mk_button dimension=&#8221;flat&#8221; corner_style=&#8221;rounded&#8221; url=&#8221;problematiques-resolues\/qualite-de-lair\/&#8221; align=&#8221;center&#8221; fullwidth=&#8221;true&#8221;]MA\u00ceTRISER LA QUALIT\u00c9 DE [&hellip;]<\/p>\n","protected":false},"author":1,"featured_media":0,"parent":0,"menu_order":0,"comment_status":"closed","ping_status":"closed","template":"","meta":{"footnotes":""},"class_list":["post-16","page","type-page","status-publish","hentry"],"_links":{"self":[{"href":"https:\/\/enginova.fr\/fr\/wp-json\/wp\/v2\/pages\/16","targetHints":{"allow":["GET"]}}],"collection":[{"href":"https:\/\/enginova.fr\/fr\/wp-json\/wp\/v2\/pages"}],"about":[{"href":"https:\/\/enginova.fr\/fr\/wp-json\/wp\/v2\/types\/page"}],"author":[{"embeddable":true,"href":"https:\/\/enginova.fr\/fr\/wp-json\/wp\/v2\/users\/1"}],"replies":[{"embeddable":true,"href":"https:\/\/enginova.fr\/fr\/wp-json\/wp\/v2\/comments?post=16"}],"version-history":[{"count":21,"href":"https:\/\/enginova.fr\/fr\/wp-json\/wp\/v2\/pages\/16\/revisions"}],"predecessor-version":[{"id":413,"href":"https:\/\/enginova.fr\/fr\/wp-json\/wp\/v2\/pages\/16\/revisions\/413"}],"wp:attachment":[{"href":"https:\/\/enginova.fr\/fr\/wp-json\/wp\/v2\/media?parent=16"}],"curies":[{"name":"wp","href":"https:\/\/api.w.org\/{rel}","templated":true}]}}