{"id":14,"date":"2016-10-06T15:15:18","date_gmt":"2016-10-06T13:15:18","guid":{"rendered":"http:\/\/enginova-solution.com\/?page_id=14"},"modified":"2023-11-04T00:33:44","modified_gmt":"2023-11-03T23:33:44","slug":"solutions-et-mise-en-oeuvre","status":"publish","type":"page","link":"https:\/\/enginova.fr\/fr\/solutions-et-mise-en-oeuvre\/","title":{"rendered":"SOLUTIONS ET MISE EN OEUVRE"},"content":{"rendered":"[mk_page_section padding_top=&#8221;0&#8243; padding_bottom=&#8221;20&#8243; sidebar=&#8221;sidebar-1&#8243;][vc_column]<link href=\"https:\/\/fonts.googleapis.com\/css?family=Open+Sans:600\" rel=\"stylesheet\" property=\"stylesheet\" type=\"text\/css\" media=\"all\">\n<div id=\"rev_slider_5_1_wrapper\" class=\"rev_slider_wrapper fullwidthbanner-container\" data-source=\"gallery\" style=\"margin:0px auto;background:transparent;padding:0px;margin-top:0px;margin-bottom:0px;\">\n<!-- START REVOLUTION SLIDER 5.4.3.1 fullwidth mode -->\n\t<div id=\"rev_slider_5_1\" class=\"rev_slider fullwidthabanner\" style=\"display:none;\" data-version=\"5.4.3.1\">\n<ul>\t<!-- SLIDE  -->\n\t<li data-index=\"rs-13\" data-transition=\"fade\" data-slotamount=\"default\" data-hideafterloop=\"0\" data-hideslideonmobile=\"off\"  data-easein=\"default\" data-easeout=\"default\" data-masterspeed=\"300\"  data-rotate=\"0\"  data-saveperformance=\"off\"  data-title=\"Slide\" data-param1=\"\" data-param2=\"\" data-param3=\"\" data-param4=\"\" data-param5=\"\" data-param6=\"\" data-param7=\"\" data-param8=\"\" data-param9=\"\" data-param10=\"\" data-description=\"\">\n\t\t<!-- MAIN IMAGE -->\n\t\t<img loading=\"lazy\" decoding=\"async\" src=\"https:\/\/enginova.fr\/wp-content\/uploads\/2016\/11\/diapo-enginova-rev9.jpg\"  alt=\"\" title=\"diapo-enginova-rev9\"  width=\"1500\" height=\"700\" data-bgposition=\"center center\" data-bgfit=\"cover\" data-bgrepeat=\"no-repeat\" class=\"rev-slidebg\" data-no-retina>\n\t\t<!-- LAYERS -->\n\n\t\t<!-- LAYER NR. 1 -->\n\t\t<div class=\"tp-caption tp-shape tp-shapewrapper  tp-resizeme\" \n\t\t\t id=\"slide-13-layer-2\" \n\t\t\t data-x=\"38\" \n\t\t\t data-y=\"178\" \n\t\t\t\t\t\tdata-width=\"['451']\"\n\t\t\tdata-height=\"['103']\"\n \n\t\t\tdata-type=\"shape\" \n\t\t\tdata-responsive_offset=\"on\" \n\n\t\t\tdata-frames='[{\"delay\":500,\"speed\":300,\"frame\":\"0\",\"from\":\"opacity:0;\",\"to\":\"o:1;\",\"ease\":\"Power2.easeInOut\"},{\"delay\":\"wait\",\"speed\":300,\"frame\":\"999\",\"to\":\"opacity:0;\",\"ease\":\"nothing\"}]'\n\t\t\tdata-textAlign=\"['left','left','left','left']\"\n\t\t\tdata-paddingtop=\"[0,0,0,0]\"\n\t\t\tdata-paddingright=\"[0,0,0,0]\"\n\t\t\tdata-paddingbottom=\"[0,0,0,0]\"\n\t\t\tdata-paddingleft=\"[0,0,0,0]\"\n\n\t\t\tstyle=\"z-index: 5;background-color:rgba(0,0,0,0.50);\"> <\/div>\n\n\t\t<!-- LAYER NR. 2 -->\n\t\t<div class=\"tp-caption   tp-resizeme\" \n\t\t\t id=\"slide-13-layer-1\" \n\t\t\t data-x=\"60\" \n\t\t\t data-y=\"202\" \n\t\t\t\t\t\tdata-width=\"['413']\"\n\t\t\tdata-height=\"['81']\"\n \n\t\t\tdata-type=\"text\" \n\t\t\tdata-responsive_offset=\"on\" \n\n\t\t\tdata-frames='[{\"delay\":500,\"speed\":300,\"frame\":\"0\",\"from\":\"opacity:0;\",\"to\":\"o:1;\",\"ease\":\"Power2.easeInOut\"},{\"delay\":\"wait\",\"speed\":300,\"frame\":\"999\",\"to\":\"opacity:0;\",\"ease\":\"nothing\"}]'\n\t\t\tdata-textAlign=\"['left','left','left','left']\"\n\t\t\tdata-paddingtop=\"[0,0,0,0]\"\n\t\t\tdata-paddingright=\"[0,0,0,0]\"\n\t\t\tdata-paddingbottom=\"[0,0,0,0]\"\n\t\t\tdata-paddingleft=\"[0,0,0,0]\"\n\n\t\t\tstyle=\"z-index: 6; min-width: 413px; max-width: 413px; max-width: 81px; max-width: 81px; white-space: normal; font-size: 20px; line-height: 25px; font-weight: 600; color: rgba(255,255,255,1);font-family:Open Sans;\">LE CHOIX D\u2019UNE SOLUTION OPTIMALE EST LE FRUIT D\u2019UNE R\u00c9FLEXION COMMUNE <\/div>\n\t<\/li>\n<\/ul>\n<div class=\"tp-bannertimer tp-bottom\" style=\"visibility: hidden !important;\"><\/div>\t<\/div>\n<script>var htmlDiv = document.getElementById(\"rs-plugin-settings-inline-css\"); var htmlDivCss=\"\";\r\n\t\t\t\tif(htmlDiv) {\r\n\t\t\t\t\thtmlDiv.innerHTML = htmlDiv.innerHTML + htmlDivCss;\r\n\t\t\t\t}else{\r\n\t\t\t\t\tvar htmlDiv = document.createElement(\"div\");\r\n\t\t\t\t\thtmlDiv.innerHTML = \"<style>\" + htmlDivCss + \"<\/style>\";\r\n\t\t\t\t\tdocument.getElementsByTagName(\"head\")[0].appendChild(htmlDiv.childNodes[0]);\r\n\t\t\t\t}\r\n\t\t\t<\/script>\n\t\t<script type=\"text\/javascript\">\r\nsetREVStartSize({c: jQuery('#rev_slider_5_1'), gridwidth: [1240], gridheight: [430], sliderLayout: 'fullwidth'});\r\n\t\t\t\r\nvar revapi5,\r\n\ttpj=jQuery;\r\n\t\t\t\r\ntpj(document).ready(function() {\n\tif(tpj(\"#rev_slider_5_1\").revolution == undefined){\n\t\trevslider_showDoubleJqueryError(\"#rev_slider_5_1\");\n\t}else{\n\t\trevapi5 = tpj(\"#rev_slider_5_1\").show().revolution({\n\t\t\tsliderType:\"hero\",\n\t\t\tjsFileLocation:\"\/\/enginova.fr\/wp-content\/plugins\/revslider\/public\/assets\/js\/\",\n\t\t\tsliderLayout:\"fullwidth\",\n\t\t\tdottedOverlay:\"none\",\n\t\t\tdelay:9000,\n\t\t\tvisibilityLevels:[1240,1024,778,480],\n\t\t\tgridwidth:1240,\n\t\t\tgridheight:430,\n\t\t\tlazyType:\"none\",\n\t\t\tshadow:0,\n\t\t\tspinner:\"spinner0\",\n\t\t\tautoHeight:\"off\",\n\t\t\tdisableProgressBar:\"on\",\n\t\t\thideThumbsOnMobile:\"off\",\n\t\t\thideSliderAtLimit:0,\n\t\t\thideCaptionAtLimit:0,\n\t\t\thideAllCaptionAtLilmit:0,\n\t\t\tdebugMode:false,\n\t\t\tfallbacks: {\n\t\t\t\tsimplifyAll:\"off\",\n\t\t\t\tdisableFocusListener:false,\n\t\t\t}\n\t\t});\n\t}\n\t\n});\t\/*ready*\/\n<\/script>\r\n\t\t<\/div><!-- END REVOLUTION SLIDER -->[\/vc_column][\/mk_page_section][vc_row][vc_column][mk_padding_divider][vc_column_text disable_pattern=&#8221;false&#8221;]\n<h3><span style=\"color: #0693c7;\">AD\u00c9QUATION DE LA SOLUTION AVEC LE BESOIN DU CLIENT<\/span><\/h3>\n<p style=\"text-align: justify;\">Le choix d\u2019une solution optimale pour notre client est le fruit d\u2019une r\u00e9flexion commune tenant compte des diff\u00e9rents param\u00e8tres et de leur pond\u00e9ration.<\/p>\n<p>Ce choix final doit toujours \u00eatre accompagn\u00e9 car l\u2019\u0153il ext\u00e9rieur d\u2019EngiNova reste un apport pr\u00e9cieux depuis l\u2019analyse et la recherche de solution, jusqu\u2019\u00e0 la prise de d\u00e9cision.[\/vc_column_text][mk_padding_divider][vc_column_text disable_pattern=&#8221;false&#8221; css=&#8221;.vc_custom_1699054218802{margin-bottom: 0px !important;}&#8221;]\n<h3><span style=\"color: #0693c7;\">PILOTAGE DE LA MISE EN OEUVRE<\/span><\/h3>\n<p><span class=\"bleu-fonce\">La solution une fois retenue, le pilotage de sa mise en \u0153uvre par EngiNova est la garantie d\u2019un suivi soign\u00e9. La r\u00e9ussite du projet devient alors un incontournable. <strong><a href=\"https:\/\/marc-amerigo.com\/consulting-fr\/\" target=\"_blank\" rel=\"noopener noreferrer\">Exemple de mise en oeuvre op\u00e9rationnelle pour l&#8217;industrie<\/a><\/strong>.<\/span><\/p>\n<p style=\"text-align: justify;\">Le management du projet s\u2019appuie de fa\u00e7on continue sur une <strong>d\u00e9marche qualit\u00e9, sant\u00e9, s\u00e9curit\u00e9 et environnement<\/strong> assurant une prestation de services conforme aux exigences client et exigences r\u00e9glementaires. Suivant le standard du PDCA :<\/p>\n<ul>\n<li>les partenaires techniques et institutionnels concern\u00e9s,<\/li>\n<li>les clients,<\/li>\n<li>toutes les parties int\u00e9ress\u00e9es,<\/li>\n<\/ul>\n<p>sont alors impliqu\u00e9s lors des diff\u00e9rents <strong>s\u00e9quen\u00e7ages du projet et des travaux<\/strong> : pour ne citer que les phases principales. \u00e9tudes, analyse des risques, plan de pr\u00e9vention, planification, dossier de suivi d\u2019intervention, r\u00e9ception des travaux, retour d\u2019exp\u00e9rience.[\/vc_column_text][mk_padding_divider][vc_column_text disable_pattern=&#8221;false&#8221;]<img loading=\"lazy\" decoding=\"async\" class=\"alignnone size-full wp-image-187\" src=\"http:\/\/enginova-solution.com\/wp-content\/uploads\/2016\/10\/solutions-mise-oeuvre.jpg\" alt=\"solutions-mise-oeuvre\" width=\"630\" height=\"196\" srcset=\"https:\/\/enginova.fr\/wp-content\/uploads\/2016\/10\/solutions-mise-oeuvre.jpg 630w, https:\/\/enginova.fr\/wp-content\/uploads\/2016\/10\/solutions-mise-oeuvre-300x93.jpg 300w, https:\/\/enginova.fr\/wp-content\/uploads\/2016\/10\/solutions-mise-oeuvre-600x186.jpg 600w\" sizes=\"auto, (max-width: 630px) 100vw, 630px\" \/>[\/vc_column_text][mk_padding_divider][\/vc_column][\/vc_row]","protected":false},"excerpt":{"rendered":"<p>[mk_page_section padding_top=&#8221;0&#8243; padding_bottom=&#8221;20&#8243; sidebar=&#8221;sidebar-1&#8243;][vc_column][\/vc_column][\/mk_page_section][vc_row][vc_column][mk_padding_divider][vc_column_text disable_pattern=&#8221;false&#8221;] AD\u00c9QUATION DE LA SOLUTION AVEC LE BESOIN DU CLIENT Le choix d\u2019une solution optimale pour notre client est le fruit d\u2019une r\u00e9flexion commune tenant compte des diff\u00e9rents param\u00e8tres et de leur pond\u00e9ration. Ce choix final doit toujours \u00eatre accompagn\u00e9 car l\u2019\u0153il ext\u00e9rieur d\u2019EngiNova reste un apport pr\u00e9cieux depuis l\u2019analyse et [&hellip;]<\/p>\n","protected":false},"author":1,"featured_media":0,"parent":0,"menu_order":0,"comment_status":"closed","ping_status":"closed","template":"","meta":{"footnotes":""},"class_list":["post-14","page","type-page","status-publish","hentry"],"_links":{"self":[{"href":"https:\/\/enginova.fr\/fr\/wp-json\/wp\/v2\/pages\/14","targetHints":{"allow":["GET"]}}],"collection":[{"href":"https:\/\/enginova.fr\/fr\/wp-json\/wp\/v2\/pages"}],"about":[{"href":"https:\/\/enginova.fr\/fr\/wp-json\/wp\/v2\/types\/page"}],"author":[{"embeddable":true,"href":"https:\/\/enginova.fr\/fr\/wp-json\/wp\/v2\/users\/1"}],"replies":[{"embeddable":true,"href":"https:\/\/enginova.fr\/fr\/wp-json\/wp\/v2\/comments?post=14"}],"version-history":[{"count":12,"href":"https:\/\/enginova.fr\/fr\/wp-json\/wp\/v2\/pages\/14\/revisions"}],"predecessor-version":[{"id":793,"href":"https:\/\/enginova.fr\/fr\/wp-json\/wp\/v2\/pages\/14\/revisions\/793"}],"wp:attachment":[{"href":"https:\/\/enginova.fr\/fr\/wp-json\/wp\/v2\/media?parent=14"}],"curies":[{"name":"wp","href":"https:\/\/api.w.org\/{rel}","templated":true}]}}