{"id":12,"date":"2016-10-06T15:14:46","date_gmt":"2016-10-06T13:14:46","guid":{"rendered":"http:\/\/enginova-solution.com\/?page_id=12"},"modified":"2023-11-04T11:45:18","modified_gmt":"2023-11-04T10:45:18","slug":"ingenierie-innovation","status":"publish","type":"page","link":"https:\/\/enginova.fr\/fr\/ingenierie-innovation\/","title":{"rendered":"ING\u00c9NI\u00c9RIE &#038; INNOVATION"},"content":{"rendered":"[mk_page_section padding_top=&#8221;0&#8243; padding_bottom=&#8221;20&#8243; sidebar=&#8221;sidebar-1&#8243;][vc_column]<link href=\"https:\/\/fonts.googleapis.com\/css?family=Open+Sans:600\" rel=\"stylesheet\" property=\"stylesheet\" type=\"text\/css\" media=\"all\">\n<div id=\"rev_slider_4_1_wrapper\" class=\"rev_slider_wrapper fullwidthbanner-container\" data-source=\"gallery\" style=\"margin:0px auto;background:transparent;padding:0px;margin-top:0px;margin-bottom:0px;\">\n<!-- START REVOLUTION SLIDER 5.4.3.1 fullwidth mode -->\n\t<div id=\"rev_slider_4_1\" class=\"rev_slider fullwidthabanner\" style=\"display:none;\" data-version=\"5.4.3.1\">\n<ul>\t<!-- SLIDE  -->\n\t<li data-index=\"rs-12\" data-transition=\"fade\" data-slotamount=\"default\" data-hideafterloop=\"0\" data-hideslideonmobile=\"off\"  data-easein=\"default\" data-easeout=\"default\" data-masterspeed=\"300\"  data-rotate=\"0\"  data-saveperformance=\"off\"  data-title=\"Slide\" data-param1=\"\" data-param2=\"\" data-param3=\"\" data-param4=\"\" data-param5=\"\" data-param6=\"\" data-param7=\"\" data-param8=\"\" data-param9=\"\" data-param10=\"\" data-description=\"\">\n\t\t<!-- MAIN IMAGE -->\n\t\t<img loading=\"lazy\" decoding=\"async\" src=\"https:\/\/enginova.fr\/wp-content\/uploads\/2016\/11\/diapo-enginova-rev5.jpg\"  alt=\"\" title=\"diapo-enginova-rev5\"  width=\"1500\" height=\"700\" data-bgposition=\"center center\" data-bgfit=\"cover\" data-bgrepeat=\"no-repeat\" class=\"rev-slidebg\" data-no-retina>\n\t\t<!-- LAYERS -->\n\n\t\t<!-- LAYER NR. 1 -->\n\t\t<div class=\"tp-caption tp-shape tp-shapewrapper  tp-resizeme\" \n\t\t\t id=\"slide-12-layer-2\" \n\t\t\t data-x=\"39\" \n\t\t\t data-y=\"177\" \n\t\t\t\t\t\tdata-width=\"['458']\"\n\t\t\tdata-height=\"['160']\"\n \n\t\t\tdata-type=\"shape\" \n\t\t\tdata-responsive_offset=\"on\" \n\n\t\t\tdata-frames='[{\"delay\":500,\"speed\":300,\"frame\":\"0\",\"from\":\"opacity:0;\",\"to\":\"o:1;\",\"ease\":\"Power2.easeInOut\"},{\"delay\":\"wait\",\"speed\":300,\"frame\":\"999\",\"to\":\"opacity:0;\",\"ease\":\"nothing\"}]'\n\t\t\tdata-textAlign=\"['left','left','left','left']\"\n\t\t\tdata-paddingtop=\"[0,0,0,0]\"\n\t\t\tdata-paddingright=\"[0,0,0,0]\"\n\t\t\tdata-paddingbottom=\"[0,0,0,0]\"\n\t\t\tdata-paddingleft=\"[0,0,0,0]\"\n\n\t\t\tstyle=\"z-index: 5;background-color:rgba(0,0,0,0.50);\"> <\/div>\n\n\t\t<!-- LAYER NR. 2 -->\n\t\t<div class=\"tp-caption   tp-resizeme\" \n\t\t\t id=\"slide-12-layer-1\" \n\t\t\t data-x=\"60\" \n\t\t\t data-y=\"198\" \n\t\t\t\t\t\tdata-width=\"['421']\"\n\t\t\tdata-height=\"['126']\"\n \n\t\t\tdata-type=\"text\" \n\t\t\tdata-responsive_offset=\"on\" \n\n\t\t\tdata-frames='[{\"delay\":500,\"speed\":300,\"frame\":\"0\",\"from\":\"opacity:0;\",\"to\":\"o:1;\",\"ease\":\"Power2.easeInOut\"},{\"delay\":\"wait\",\"speed\":300,\"frame\":\"999\",\"to\":\"opacity:0;\",\"ease\":\"nothing\"}]'\n\t\t\tdata-textAlign=\"['left','left','left','left']\"\n\t\t\tdata-paddingtop=\"[0,0,0,0]\"\n\t\t\tdata-paddingright=\"[0,0,0,0]\"\n\t\t\tdata-paddingbottom=\"[0,0,0,0]\"\n\t\t\tdata-paddingleft=\"[0,0,0,0]\"\n\n\t\t\tstyle=\"z-index: 6; min-width: 421px; max-width: 421px; max-width: 126px; max-width: 126px; white-space: normal; font-size: 20px; line-height: 25px; font-weight: 600; color: rgba(255,255,255,1);font-family:Open Sans;\">B\u00c9N\u00c9FICIER DE LA CONNAISSANCE N\u00c9CESSAIRE POUR VOUS PROPOSER DES SOLUTIONS INNOVANTES ET TEMPORAIRES, ET VOUS ASSURER UN R\u00c9SULTAT PERFORMANT <\/div>\n\t<\/li>\n<\/ul>\n<div class=\"tp-bannertimer tp-bottom\" style=\"visibility: hidden !important;\"><\/div>\t<\/div>\n<script>var htmlDiv = document.getElementById(\"rs-plugin-settings-inline-css\"); var htmlDivCss=\"\";\r\n\t\t\t\tif(htmlDiv) {\r\n\t\t\t\t\thtmlDiv.innerHTML = htmlDiv.innerHTML + htmlDivCss;\r\n\t\t\t\t}else{\r\n\t\t\t\t\tvar htmlDiv = document.createElement(\"div\");\r\n\t\t\t\t\thtmlDiv.innerHTML = \"<style>\" + htmlDivCss + \"<\/style>\";\r\n\t\t\t\t\tdocument.getElementsByTagName(\"head\")[0].appendChild(htmlDiv.childNodes[0]);\r\n\t\t\t\t}\r\n\t\t\t<\/script>\n\t\t<script type=\"text\/javascript\">\r\nsetREVStartSize({c: jQuery('#rev_slider_4_1'), gridwidth: [1240], gridheight: [430], sliderLayout: 'fullwidth'});\r\n\t\t\t\r\nvar revapi4,\r\n\ttpj=jQuery;\r\n\t\t\t\r\ntpj(document).ready(function() {\n\tif(tpj(\"#rev_slider_4_1\").revolution == undefined){\n\t\trevslider_showDoubleJqueryError(\"#rev_slider_4_1\");\n\t}else{\n\t\trevapi4 = tpj(\"#rev_slider_4_1\").show().revolution({\n\t\t\tsliderType:\"hero\",\n\t\t\tjsFileLocation:\"\/\/enginova.fr\/wp-content\/plugins\/revslider\/public\/assets\/js\/\",\n\t\t\tsliderLayout:\"fullwidth\",\n\t\t\tdottedOverlay:\"none\",\n\t\t\tdelay:9000,\n\t\t\tvisibilityLevels:[1240,1024,778,480],\n\t\t\tgridwidth:1240,\n\t\t\tgridheight:430,\n\t\t\tlazyType:\"none\",\n\t\t\tshadow:0,\n\t\t\tspinner:\"spinner0\",\n\t\t\tautoHeight:\"off\",\n\t\t\tdisableProgressBar:\"on\",\n\t\t\thideThumbsOnMobile:\"off\",\n\t\t\thideSliderAtLimit:0,\n\t\t\thideCaptionAtLimit:0,\n\t\t\thideAllCaptionAtLilmit:0,\n\t\t\tdebugMode:false,\n\t\t\tfallbacks: {\n\t\t\t\tsimplifyAll:\"off\",\n\t\t\t\tdisableFocusListener:false,\n\t\t\t}\n\t\t});\n\t}\n\t\n});\t\/*ready*\/\n<\/script>\r\n\t\t<\/div><!-- END REVOLUTION SLIDER -->[\/vc_column][\/mk_page_section][vc_row][vc_column][mk_padding_divider][vc_column_text disable_pattern=&#8221;false&#8221;]\n<h3><span style=\"color: #0693c7;\">SAVOIR &amp; CONNAISSANCE<\/span><\/h3>\n<p style=\"text-align: justify;\"><span class=\"bleu-fonce\"> Comme en recherche fondamentale, nous nous devons d&#8217;\u00eatre au fa\u00eete de l\u2019actualit\u00e9, \u00eatre up-to-date, au fa\u00eete du savoir,<\/span><\/p>\n<p>Ainsi, nous disposons des connaissances n\u00e9cessaires permettant d&#8217;exploiter l\u2019existant pour se projeter dans de nouvelles combinaisons de solutions techniques et franchir les paliers avec certitudes. Cela s\u2019appuie sur :<\/p>\n<ul>\n<li>Une veille technologique pouss\u00e9e,<\/li>\n<li>Une veille r\u00e9glementaire continue<\/li>\n<\/ul>\n[\/vc_column_text][mk_padding_divider][vc_column_text disable_pattern=&#8221;false&#8221;]\n<h3><span style=\"color: #0693c7;\">CR\u00c9ATIVIT\u00c9 &amp; INNOVATION<\/span><\/h3>\n<p style=\"text-align: justify;\"><span class=\"bleu-fonce\">Avec cette base de connaissances et une expression claire du besoin, une d\u00e9marche innovante peut s\u2019engager en utilisant les outils et m\u00e9thodes d\u00e9di\u00e9es, comme par exemple :<\/span><\/p>\n<ul>\n<li>Le <strong>Mindmap<\/strong>: outil ludique et efficace permettant de structurer sa pens\u00e9e en reliant autour d\u2019un sujet toutes les ramifications et sous-ramifications de la pens\u00e9e.<\/li>\n<li>Le <strong>Brainstorming \/ Cr\u00e9ativit\u00e9<\/strong> : travail d\u2019\u00e9quipe permettant de lib\u00e9rer la cr\u00e9ativit\u00e9 en projetant des axes de r\u00e9flexions aussi inattendus que compl\u00e9mentaires.<\/li>\n<li>Le <strong>caract\u00e8re innovant du r\u00e9seau relationnel<\/strong> : faire travailler en collaboration des personnes au savoir-faire distinct mais dont l\u2019ouverture d\u2019esprit permet de rendre compl\u00e9mentaires des solutions techniques parfois \u00e9loign\u00e9es.<\/li>\n<\/ul>\n[\/vc_column_text][mk_padding_divider][vc_column_text disable_pattern=&#8221;false&#8221; css=&#8221;.vc_custom_1699094715380{margin-bottom: 0px !important;}&#8221;]\n<h3><span style=\"color: #0693c7;\">R\u00c9SULTATS EFFICACES<\/span><\/h3>\n<p style=\"text-align: justify;\"><span class=\"bleu-fonce\">Garantir le r\u00e9sultat obtenu passe par 3 piliers qui doivent \u00eatre particuli\u00e8rement bien pens\u00e9s et analys\u00e9s pour \u00eatre efficace<\/span><\/p>\n<ul>\n<li>Le <strong>retour d\u2019exp\u00e9rience<\/strong> qui permet, en compl\u00e9ment de la veille technologique, de se nourrir de l\u2019existant et des projets pass\u00e9s pour optimiser les futurs,<\/li>\n<li>L\u2019<strong>ing\u00e9nierie<\/strong> pour la mod\u00e9lisation, le dimensionnement, la pr\u00e9vision par le calcul,<\/li>\n<li>Les <strong>prototypes ou r\u00e9alisations amont<\/strong> de validation permettant de mettre en \u0153uvre la solution retenue \u00e0 moindre risque, avant de l\u2019appliquer au projet dans son ensemble.<\/li>\n<\/ul>\n<p><strong>En sortie de cette phase de r\u00e9flexion, apparaissent les solutions exploitables.<\/strong>[\/vc_column_text][mk_padding_divider][\/vc_column][\/vc_row]","protected":false},"excerpt":{"rendered":"<p>[mk_page_section padding_top=&#8221;0&#8243; padding_bottom=&#8221;20&#8243; sidebar=&#8221;sidebar-1&#8243;][vc_column][\/vc_column][\/mk_page_section][vc_row][vc_column][mk_padding_divider][vc_column_text disable_pattern=&#8221;false&#8221;] SAVOIR &amp; CONNAISSANCE Comme en recherche fondamentale, nous nous devons d&#8217;\u00eatre au fa\u00eete de l\u2019actualit\u00e9, \u00eatre up-to-date, au fa\u00eete du savoir, Ainsi, nous disposons des connaissances n\u00e9cessaires permettant d&#8217;exploiter l\u2019existant pour se projeter dans de nouvelles combinaisons de solutions techniques et franchir les paliers avec certitudes. Cela s\u2019appuie sur : [&hellip;]<\/p>\n","protected":false},"author":1,"featured_media":0,"parent":0,"menu_order":0,"comment_status":"closed","ping_status":"closed","template":"","meta":{"footnotes":""},"class_list":["post-12","page","type-page","status-publish","hentry"],"_links":{"self":[{"href":"https:\/\/enginova.fr\/fr\/wp-json\/wp\/v2\/pages\/12","targetHints":{"allow":["GET"]}}],"collection":[{"href":"https:\/\/enginova.fr\/fr\/wp-json\/wp\/v2\/pages"}],"about":[{"href":"https:\/\/enginova.fr\/fr\/wp-json\/wp\/v2\/types\/page"}],"author":[{"embeddable":true,"href":"https:\/\/enginova.fr\/fr\/wp-json\/wp\/v2\/users\/1"}],"replies":[{"embeddable":true,"href":"https:\/\/enginova.fr\/fr\/wp-json\/wp\/v2\/comments?post=12"}],"version-history":[{"count":10,"href":"https:\/\/enginova.fr\/fr\/wp-json\/wp\/v2\/pages\/12\/revisions"}],"predecessor-version":[{"id":794,"href":"https:\/\/enginova.fr\/fr\/wp-json\/wp\/v2\/pages\/12\/revisions\/794"}],"wp:attachment":[{"href":"https:\/\/enginova.fr\/fr\/wp-json\/wp\/v2\/media?parent=12"}],"curies":[{"name":"wp","href":"https:\/\/api.w.org\/{rel}","templated":true}]}}