{"id":10,"date":"2016-10-06T15:14:23","date_gmt":"2016-10-06T13:14:23","guid":{"rendered":"http:\/\/enginova-solution.com\/?page_id=10"},"modified":"2023-11-04T12:51:49","modified_gmt":"2023-11-04T11:51:49","slug":"audit-clarification","status":"publish","type":"page","link":"https:\/\/enginova.fr\/fr\/audit-clarification\/","title":{"rendered":"AUDIT &#038; CLARIFICATION"},"content":{"rendered":"[mk_page_section padding_top=&#8221;0&#8243; padding_bottom=&#8221;20&#8243; sidebar=&#8221;sidebar-1&#8243;][vc_column]<link href=\"https:\/\/fonts.googleapis.com\/css?family=Open+Sans:600\" rel=\"stylesheet\" property=\"stylesheet\" type=\"text\/css\" media=\"all\">\n<div id=\"rev_slider_2_1_wrapper\" class=\"rev_slider_wrapper fullwidthbanner-container\" data-source=\"gallery\" style=\"margin:0px auto;background:transparent;padding:0px;margin-top:0px;margin-bottom:0px;\">\n<!-- START REVOLUTION SLIDER 5.4.3.1 fullwidth mode -->\n\t<div id=\"rev_slider_2_1\" class=\"rev_slider fullwidthabanner\" style=\"display:none;\" data-version=\"5.4.3.1\">\n<ul>\t<!-- SLIDE  -->\n\t<li data-index=\"rs-10\" data-transition=\"fade\" data-slotamount=\"default\" data-hideafterloop=\"0\" data-hideslideonmobile=\"off\"  data-easein=\"default\" data-easeout=\"default\" data-masterspeed=\"300\"  data-rotate=\"0\"  data-saveperformance=\"off\"  data-title=\"Slide\" data-param1=\"\" data-param2=\"\" data-param3=\"\" data-param4=\"\" data-param5=\"\" data-param6=\"\" data-param7=\"\" data-param8=\"\" data-param9=\"\" data-param10=\"\" data-description=\"\">\n\t\t<!-- MAIN IMAGE -->\n\t\t<img loading=\"lazy\" decoding=\"async\" src=\"https:\/\/enginova.fr\/wp-content\/uploads\/2016\/11\/diapo-enginova-rev2.jpg\"  alt=\"\" title=\"diapo-enginova-rev2\"  width=\"1500\" height=\"700\" data-bgposition=\"center center\" data-bgfit=\"cover\" data-bgrepeat=\"no-repeat\" class=\"rev-slidebg\" data-no-retina>\n\t\t<!-- LAYERS -->\n\n\t\t<!-- LAYER NR. 1 -->\n\t\t<div class=\"tp-caption tp-shape tp-shapewrapper  tp-resizeme\" \n\t\t\t id=\"slide-10-layer-2\" \n\t\t\t data-x=\"38\" \n\t\t\t data-y=\"177\" \n\t\t\t\t\t\tdata-width=\"['487']\"\n\t\t\tdata-height=\"['142']\"\n \n\t\t\tdata-type=\"shape\" \n\t\t\tdata-responsive_offset=\"on\" \n\n\t\t\tdata-frames='[{\"delay\":500,\"speed\":300,\"frame\":\"0\",\"from\":\"opacity:0;\",\"to\":\"o:1;\",\"ease\":\"Power2.easeInOut\"},{\"delay\":\"wait\",\"speed\":300,\"frame\":\"999\",\"to\":\"opacity:0;\",\"ease\":\"nothing\"}]'\n\t\t\tdata-textAlign=\"['left','left','left','left']\"\n\t\t\tdata-paddingtop=\"[0,0,0,0]\"\n\t\t\tdata-paddingright=\"[0,0,0,0]\"\n\t\t\tdata-paddingbottom=\"[0,0,0,0]\"\n\t\t\tdata-paddingleft=\"[0,0,0,0]\"\n\n\t\t\tstyle=\"z-index: 5;background-color:rgba(0,0,0,0.50);\"> <\/div>\n\n\t\t<!-- LAYER NR. 2 -->\n\t\t<div class=\"tp-caption   tp-resizeme\" \n\t\t\t id=\"slide-10-layer-1\" \n\t\t\t data-x=\"57\" \n\t\t\t data-y=\"200\" \n\t\t\t\t\t\tdata-width=\"['483']\"\n\t\t\tdata-height=\"['auto']\"\n \n\t\t\tdata-type=\"text\" \n\t\t\tdata-responsive_offset=\"on\" \n\n\t\t\tdata-frames='[{\"delay\":500,\"speed\":300,\"frame\":\"0\",\"from\":\"opacity:0;\",\"to\":\"o:1;\",\"ease\":\"Power2.easeInOut\"},{\"delay\":\"wait\",\"speed\":300,\"frame\":\"999\",\"to\":\"opacity:0;\",\"ease\":\"nothing\"}]'\n\t\t\tdata-textAlign=\"['left','left','left','left']\"\n\t\t\tdata-paddingtop=\"[0,0,0,0]\"\n\t\t\tdata-paddingright=\"[0,0,0,0]\"\n\t\t\tdata-paddingbottom=\"[0,0,0,0]\"\n\t\t\tdata-paddingleft=\"[0,0,0,0]\"\n\n\t\t\tstyle=\"z-index: 6; min-width: 483px; max-width: 483px; white-space: normal; font-size: 20px; line-height: 25px; font-weight: 600; color: rgba(255,255,255,1);font-family:Open Sans;\">UN POINT CLEF DE LA R\u00c9USSITE DE NOTRE ACCOMPAGNEMENT TECHNIQUE ET ORGANISATIONNEL EST L\u2019ANALYSE PR\u00c9CISE DU BESOIN CLIENT ET DE SON ENVIRONNEMENT <\/div>\n\t<\/li>\n<\/ul>\n<div class=\"tp-bannertimer tp-bottom\" style=\"visibility: hidden !important;\"><\/div>\t<\/div>\n<script>var htmlDiv = document.getElementById(\"rs-plugin-settings-inline-css\"); var htmlDivCss=\"\";\r\n\t\t\t\tif(htmlDiv) {\r\n\t\t\t\t\thtmlDiv.innerHTML = htmlDiv.innerHTML + htmlDivCss;\r\n\t\t\t\t}else{\r\n\t\t\t\t\tvar htmlDiv = document.createElement(\"div\");\r\n\t\t\t\t\thtmlDiv.innerHTML = \"<style>\" + htmlDivCss + \"<\/style>\";\r\n\t\t\t\t\tdocument.getElementsByTagName(\"head\")[0].appendChild(htmlDiv.childNodes[0]);\r\n\t\t\t\t}\r\n\t\t\t<\/script>\n\t\t<script type=\"text\/javascript\">\r\nsetREVStartSize({c: jQuery('#rev_slider_2_1'), gridwidth: [1240], gridheight: [430], sliderLayout: 'fullwidth'});\r\n\t\t\t\r\nvar revapi2,\r\n\ttpj=jQuery;\r\n\t\t\t\r\ntpj(document).ready(function() {\n\tif(tpj(\"#rev_slider_2_1\").revolution == undefined){\n\t\trevslider_showDoubleJqueryError(\"#rev_slider_2_1\");\n\t}else{\n\t\trevapi2 = tpj(\"#rev_slider_2_1\").show().revolution({\n\t\t\tsliderType:\"hero\",\n\t\t\tjsFileLocation:\"\/\/enginova.fr\/wp-content\/plugins\/revslider\/public\/assets\/js\/\",\n\t\t\tsliderLayout:\"fullwidth\",\n\t\t\tdottedOverlay:\"none\",\n\t\t\tdelay:9000,\n\t\t\tvisibilityLevels:[1240,1024,778,480],\n\t\t\tgridwidth:1240,\n\t\t\tgridheight:430,\n\t\t\tlazyType:\"none\",\n\t\t\tshadow:0,\n\t\t\tspinner:\"spinner0\",\n\t\t\tautoHeight:\"off\",\n\t\t\tdisableProgressBar:\"on\",\n\t\t\thideThumbsOnMobile:\"off\",\n\t\t\thideSliderAtLimit:0,\n\t\t\thideCaptionAtLimit:0,\n\t\t\thideAllCaptionAtLilmit:0,\n\t\t\tdebugMode:false,\n\t\t\tfallbacks: {\n\t\t\t\tsimplifyAll:\"off\",\n\t\t\t\tdisableFocusListener:false,\n\t\t\t}\n\t\t});\n\t}\n\t\n});\t\/*ready*\/\n<\/script>\r\n\t\t<\/div><!-- END REVOLUTION SLIDER -->[\/vc_column][\/mk_page_section][vc_row][vc_column][mk_padding_divider][vc_column_text disable_pattern=&#8221;false&#8221;]\n<h3><span class=\"bleu-fonce\" style=\"color: #0693c7;\">AUDIT<\/span><\/h3>\n<p><span class=\"bleu-fonce\">Raisonner en termes de besoins et non de moyens techniques<\/span> est un pr\u00e9alable indispensable pour se projeter vers des solutions potentielles de qualit\u00e9.<\/p>\n<p><span class=\"bleu-fonce\">La rencontre des acteurs clefs<\/span> est un passage incontournable : charg\u00e9s de projet, responsable QSSE, responsables op\u00e9rationnels voire op\u00e9rateurs impliqu\u00e9s dans la mise en \u0153uvre&#8230;oeil critique et novateur sur un grand champ de situations critiques.[\/vc_column_text][mk_padding_divider][vc_column_text disable_pattern=&#8221;false&#8221; css=&#8221;.vc_custom_1699098667846{margin-bottom: 0px !important;}&#8221;]\n<h3><span style=\"color: #0693c7;\">CLARIFICATION<\/span><\/h3>\n<p style=\"text-align: justify;\"><img loading=\"lazy\" decoding=\"async\" class=\"size-medium wp-image-182 alignleft\" src=\"http:\/\/enginova-solution.com\/wp-content\/uploads\/2016\/10\/audit-clarification-e1480001566150-300x102.jpg\" alt=\"audit-clarification\" width=\"300\" height=\"102\" srcset=\"https:\/\/enginova.fr\/wp-content\/uploads\/2016\/10\/audit-clarification-e1480001566150-300x102.jpg 300w, https:\/\/enginova.fr\/wp-content\/uploads\/2016\/10\/audit-clarification-e1480001566150-330x112.jpg 330w, https:\/\/enginova.fr\/wp-content\/uploads\/2016\/10\/audit-clarification-e1480001566150-414x141.jpg 414w, https:\/\/enginova.fr\/wp-content\/uploads\/2016\/10\/audit-clarification-e1480001566150.jpg 511w\" sizes=\"auto, (max-width: 300px) 100vw, 300px\" \/>Aussi, dans notre relation client, la ligne directrice reste <span class=\"bleu-fonce\">l\u2019\u00e9coute de la probl\u00e9matique exprim\u00e9e par notre client<\/span>, l&#8217;expression de ses attentes et besoins, pour atteindre notre premier objectif de clarification de la demande.<\/p>\n<p>La solution doit r\u00e9pondre au cahier des charges technique, aux param\u00e8tres organisationnels, humains, budg\u00e9taires et tenir compte de l\u2019environnement de r\u00e9alisation.<\/p>\n<p>Notre prestation de services doit aussi bien satisfaire <span class=\"bleu-fonce\">les exigences client comme les exigences r\u00e9glementaires<\/span>.<br \/>\nCette satisfaction client, tout comme la pertinence de la solution apport\u00e9e, passent par une \u00e9tape d\u2019<a href=\"https:\/\/marc-amerigo.com\/consulting-fr\/\"><strong>Audit &amp; de Clarification soign\u00e9e<\/strong><\/a>.[\/vc_column_text][mk_padding_divider][mk_padding_divider][\/vc_column][\/vc_row]","protected":false},"excerpt":{"rendered":"<p>[mk_page_section padding_top=&#8221;0&#8243; padding_bottom=&#8221;20&#8243; sidebar=&#8221;sidebar-1&#8243;][vc_column][\/vc_column][\/mk_page_section][vc_row][vc_column][mk_padding_divider][vc_column_text disable_pattern=&#8221;false&#8221;] AUDIT Raisonner en termes de besoins et non de moyens techniques est un pr\u00e9alable indispensable pour se projeter vers des solutions potentielles de qualit\u00e9. La rencontre des acteurs clefs est un passage incontournable : charg\u00e9s de projet, responsable QSSE, responsables op\u00e9rationnels voire op\u00e9rateurs impliqu\u00e9s dans la mise en \u0153uvre&#8230;oeil critique [&hellip;]<\/p>\n","protected":false},"author":1,"featured_media":0,"parent":0,"menu_order":0,"comment_status":"closed","ping_status":"closed","template":"","meta":{"footnotes":""},"class_list":["post-10","page","type-page","status-publish","hentry"],"_links":{"self":[{"href":"https:\/\/enginova.fr\/fr\/wp-json\/wp\/v2\/pages\/10","targetHints":{"allow":["GET"]}}],"collection":[{"href":"https:\/\/enginova.fr\/fr\/wp-json\/wp\/v2\/pages"}],"about":[{"href":"https:\/\/enginova.fr\/fr\/wp-json\/wp\/v2\/types\/page"}],"author":[{"embeddable":true,"href":"https:\/\/enginova.fr\/fr\/wp-json\/wp\/v2\/users\/1"}],"replies":[{"embeddable":true,"href":"https:\/\/enginova.fr\/fr\/wp-json\/wp\/v2\/comments?post=10"}],"version-history":[{"count":18,"href":"https:\/\/enginova.fr\/fr\/wp-json\/wp\/v2\/pages\/10\/revisions"}],"predecessor-version":[{"id":806,"href":"https:\/\/enginova.fr\/fr\/wp-json\/wp\/v2\/pages\/10\/revisions\/806"}],"wp:attachment":[{"href":"https:\/\/enginova.fr\/fr\/wp-json\/wp\/v2\/media?parent=10"}],"curies":[{"name":"wp","href":"https:\/\/api.w.org\/{rel}","templated":true}]}}